{"id":1293,"date":"2019-03-19T08:31:20","date_gmt":"2019-03-19T08:31:20","guid":{"rendered":"http:\/\/porabik.pl\/komitet\/?page_id=1293"},"modified":"2025-03-04T20:07:16","modified_gmt":"2025-03-04T20:07:16","slug":"zawodnicy-zakwalifikowani","status":"publish","type":"page","link":"http:\/\/porabik.pl\/komitet\/?page_id=1293","title":{"rendered":"zawodnicy zakwalifikowani"},"content":{"rendered":"<h2 style=\"text-align: center;\"><a href=\"http:\/\/porabik.pl\/komitet\/wp-content\/uploads\/2025\/03\/dopuszczeni-na-2025.pdf\"><strong>Zawodnicy spe\u0142niaj\u0105cy warunek uczestnictwa w Dru\u017cynowych Mi\u0119dzywojew\u00f3dzkich Mistrzostwach M\u0142odzik\u00f3w w roku 2025<\/strong><\/a><\/h2>\n<h2 style=\"text-align: center;\"><a href=\"http:\/\/porabik.pl\/komitet\/wp-content\/uploads\/2024\/03\/dopuszczeni-na-2024.pdf\">Zawodnicy spe\u0142niaj\u0105cy warunek uczestnictwa w Dru\u017cynowych Mi\u0119dzywojew\u00f3dzkich Mistrzostwach M\u0142odzik\u00f3w w roku 2024<\/a><\/h2>\n<h2><\/h2>\n<h2 style=\"text-align: center;\"><a href=\"http:\/\/porabik.pl\/komitet\/wp-content\/uploads\/2023\/03\/zakwalifikowani-zawodnicy-OSWiW.pdf\">Zawodnicy spe\u0142niaj\u0105cy warunek dopuszczenia do Dru\u017cynowych Mi\u0119dzywojew\u00f3dzkich Mistrzostw M\u0142odzik\u00f3w w roku 20<\/a><a href=\"http:\/\/porabik.pl\/komitet\/wp-content\/uploads\/2023\/03\/zakwalifikowani-zawodnicy.pdf\">23<\/a><\/h2>\n<p><span style=\"font-family: arial, helvetica, sans-serif; font-size: 18pt;\"><a href=\"http:\/\/porabik.pl\/komitet\/wp-content\/uploads\/2019\/03\/zestawienie1112.xlsx\">Lista zawodnik\u00f3w zakwalifikowanych do DMMM 12\/13 lat w roku 2019 w podziale na wojew\u00f3dztwa<\/a><\/span><\/p>\n","protected":false},"excerpt":{"rendered":"<p>Zawodnicy spe\u0142niaj\u0105cy warunek uczestnictwa w Dru\u017cynowych Mi\u0119dzywojew\u00f3dzkich Mistrzostwach M\u0142odzik\u00f3w w roku 2025 Zawodnicy spe\u0142niaj\u0105cy warunek uczestnictwa w Dru\u017cynowych Mi\u0119dzywojew\u00f3dzkich Mistrzostwach M\u0142odzik\u00f3w w roku 2024 Zawodnicy spe\u0142niaj\u0105cy warunek dopuszczenia do Dru\u017cynowych Mi\u0119dzywojew\u00f3dzkich Mistrzostw M\u0142odzik\u00f3w w roku 2023 Lista zawodnik\u00f3w zakwalifikowanych do DMMM 12\/13 lat w roku 2019 w podziale na wojew\u00f3dztwa<\/p>\n","protected":false},"author":1,"featured_media":0,"parent":0,"menu_order":0,"comment_status":"closed","ping_status":"closed","template":"","meta":{"footnotes":""},"class_list":["post-1293","page","type-page","status-publish","hentry"],"_links":{"self":[{"href":"http:\/\/porabik.pl\/komitet\/index.php?rest_route=\/wp\/v2\/pages\/1293","targetHints":{"allow":["GET"]}}],"collection":[{"href":"http:\/\/porabik.pl\/komitet\/index.php?rest_route=\/wp\/v2\/pages"}],"about":[{"href":"http:\/\/porabik.pl\/komitet\/index.php?rest_route=\/wp\/v2\/types\/page"}],"author":[{"embeddable":true,"href":"http:\/\/porabik.pl\/komitet\/index.php?rest_route=\/wp\/v2\/users\/1"}],"replies":[{"embeddable":true,"href":"http:\/\/porabik.pl\/komitet\/index.php?rest_route=%2Fwp%2Fv2%2Fcomments&post=1293"}],"version-history":[{"count":17,"href":"http:\/\/porabik.pl\/komitet\/index.php?rest_route=\/wp\/v2\/pages\/1293\/revisions"}],"predecessor-version":[{"id":2623,"href":"http:\/\/porabik.pl\/komitet\/index.php?rest_route=\/wp\/v2\/pages\/1293\/revisions\/2623"}],"wp:attachment":[{"href":"http:\/\/porabik.pl\/komitet\/index.php?rest_route=%2Fwp%2Fv2%2Fmedia&parent=1293"}],"curies":[{"name":"wp","href":"https:\/\/api.w.org\/{rel}","templated":true}]}}