{"id":1724,"date":"2021-07-07T18:19:49","date_gmt":"2021-07-07T18:19:49","guid":{"rendered":"http:\/\/porabik.pl\/komitet\/?page_id=1724"},"modified":"2021-07-07T18:38:24","modified_gmt":"2021-07-07T18:38:24","slug":"plywanie-50m-mix-juniorzy-18-lat","status":"publish","type":"page","link":"http:\/\/porabik.pl\/komitet\/?page_id=1724","title":{"rendered":"p\u0142ywanie 50m &#8211; MIX &#8211; JUNIORZY 18 lat"},"content":{"rendered":"\n<div class=\"wp-block-themeisle-blocks-advanced-columns has-1-columns has-desktop-equal-layout has-tablet-equal-layout has-mobile-equal-layout has-default-gap has-vertical-unset\" id=\"wp-block-themeisle-blocks-advanced-columns-06529081\"><div class=\"wp-block-themeisle-blocks-advanced-columns-overlay\"><\/div><div class=\"innerblocks-wrap\">\n<div class=\"wp-block-themeisle-blocks-advanced-column\" id=\"wp-block-themeisle-blocks-advanced-column-56d9e272\">\n<p><a href=\"http:\/\/\n&lt;table id=&quot;tablepress-53&quot; class=&quot;tablepress tablepress-id-53&quot; aria-labelledby=&quot;tablepress-53-name&quot;&gt;\n&lt;thead&gt;\n&lt;tr class=&quot;row-1&quot;&gt;\n\t&lt;th class=&quot;column-1&quot;&gt;DYSTANS\/&lt;br \/&gt;\nSTYL&lt;\/th&gt;&lt;th class=&quot;column-2&quot;&gt;CZAS&lt;\/th&gt;&lt;th class=&quot;column-3&quot;&gt;NAZWISKO I IMI\u0118&lt;\/th&gt;&lt;th class=&quot;column-4&quot;&gt;ROK&lt;br \/&gt;\nURODZENIA&lt;\/th&gt;&lt;th class=&quot;column-5&quot;&gt;KLUB&lt;\/th&gt;&lt;th class=&quot;column-6&quot;&gt;DATA&lt;br \/&gt;\nREKORDU&lt;\/th&gt;&lt;th class=&quot;column-7&quot;&gt;MIEJSCE&lt;br \/&gt;\nREKORDU&lt;\/th&gt;\n&lt;\/tr&gt;\n&lt;\/thead&gt;\n&lt;tbody class=&quot;row-striping row-hover&quot;&gt;\n&lt;tr class=&quot;row-2&quot;&gt;\n\t&lt;td class=&quot;column-1&quot;&gt;Sztafety: KLUBOWE&lt;\/td&gt;&lt;td class=&quot;column-2&quot;&gt;mieszane&lt;\/td&gt;&lt;td class=&quot;column-3&quot;&gt;&lt;\/td&gt;&lt;td class=&quot;column-4&quot;&gt;&lt;\/td&gt;&lt;td class=&quot;column-5&quot;&gt;&lt;\/td&gt;&lt;td class=&quot;column-6&quot;&gt;&lt;\/td&gt;&lt;td class=&quot;column-7&quot;&gt;&lt;\/td&gt;\n&lt;\/tr&gt;\n&lt;tr class=&quot;row-3&quot;&gt;\n\t&lt;td class=&quot;column-1&quot;&gt;4x100 dowolny&lt;\/td&gt;&lt;td class=&quot;column-2&quot;&gt;3:43.57&lt;\/td&gt;&lt;td class=&quot;column-3&quot;&gt;HERBREDER Gabriela&lt;br \/&gt;\nWI\u015aNIEWSKI Adam&lt;br \/&gt;\nLOJEWSKI Izabella&lt;br \/&gt;\nKONARSKI Maciej&lt;\/td&gt;&lt;td class=&quot;column-4&quot;&gt;2003&lt;br \/&gt;\n2003&lt;br \/&gt;\n2004&lt;br \/&gt;\n2004&lt;\/td&gt;&lt;td class=&quot;column-5&quot;&gt;UKS GIM92 Ursyn\u00f3w Warszawa&lt;\/td&gt;&lt;td class=&quot;column-6&quot;&gt;30.kwi.2021&lt;\/td&gt;&lt;td class=&quot;column-7&quot;&gt;Lublin&lt;\/td&gt;\n&lt;\/tr&gt;\n&lt;tr class=&quot;row-4&quot;&gt;\n\t&lt;td class=&quot;column-1&quot;&gt;4x100 zmienny&lt;\/td&gt;&lt;td class=&quot;column-2&quot;&gt;4:00.64&lt;\/td&gt;&lt;td class=&quot;column-3&quot;&gt;BRZOZOWSKI Bartosz&lt;br \/&gt;\nSOBCZAK Zofia&lt;br \/&gt;\nBRZ\u00d3SKA Jan&lt;br \/&gt;\nWALCZAK Barbara&lt;\/td&gt;&lt;td class=&quot;column-4&quot;&gt;2006&lt;br \/&gt;\n2006&lt;br \/&gt;\n2006&lt;br \/&gt;\n2006&lt;\/td&gt;&lt;td class=&quot;column-5&quot;&gt;UKS G-8 Bielany Warszawa&lt;\/td&gt;&lt;td class=&quot;column-6&quot;&gt;18.lip.2023&lt;\/td&gt;&lt;td class=&quot;column-7&quot;&gt;O\u015bwi\u0119cim&lt;\/td&gt;\n&lt;\/tr&gt;\n&lt;tr class=&quot;row-5&quot;&gt;\n\t&lt;td class=&quot;column-1&quot;&gt;Sztafety: REPREZENTACJI&lt;\/td&gt;&lt;td class=&quot;column-2&quot;&gt;mieszane&lt;\/td&gt;&lt;td class=&quot;column-3&quot;&gt;&lt;\/td&gt;&lt;td class=&quot;column-4&quot;&gt;&lt;\/td&gt;&lt;td class=&quot;column-5&quot;&gt;&lt;\/td&gt;&lt;td class=&quot;column-6&quot;&gt;&lt;\/td&gt;&lt;td class=&quot;column-7&quot;&gt;&lt;\/td&gt;\n&lt;\/tr&gt;\n&lt;tr class=&quot;row-6&quot;&gt;\n\t&lt;td class=&quot;column-1&quot;&gt;4x100m dowolny&lt;\/td&gt;&lt;td class=&quot;column-2&quot;&gt;3:30.76&lt;\/td&gt;&lt;td class=&quot;column-3&quot;&gt;PISZCZOROWICZ Bartosz&lt;br \/&gt;\nFIEDKIEWICZ Kornelia&lt;br \/&gt;\nPOLA\u0143SKA Aleksandra&lt;br \/&gt;\nKRASKA Jakub&lt;\/td&gt;&lt;td class=&quot;column-4&quot;&gt;1999&lt;br \/&gt;\n2001&lt;br \/&gt;\n2000&lt;br \/&gt;\n2000&lt;\/td&gt;&lt;td class=&quot;column-5&quot;&gt;UKS G-8 Bielany Warszawa&lt;br \/&gt;\nMKS Juvenia Wroc\u0142aw&lt;br \/&gt;\nUKS GOS Raszyn&lt;br \/&gt;\nUKS Pi\u0105tka Konstantyn\u00f3w \u0141\u00f3dzki&lt;br \/&gt;\n&lt;\/td&gt;&lt;td class=&quot;column-6&quot;&gt;29.cze.2017&lt;\/td&gt;&lt;td class=&quot;column-7&quot;&gt;Netanya ISR&lt;\/td&gt;\n&lt;\/tr&gt;\n&lt;tr class=&quot;row-7&quot;&gt;\n\t&lt;td class=&quot;column-1&quot;&gt;4x100m zmienny&lt;\/td&gt;&lt;td class=&quot;column-2&quot;&gt;3:50.32&lt;\/td&gt;&lt;td class=&quot;column-3&quot;&gt;HLUSHCHENKO Varvara&lt;br \/&gt;\nGAJDA Jan&lt;br \/&gt;\nKAMZOL Flawia&lt;br \/&gt;\nPIETRO\u0143 Przemys\u0142aw&lt;\/td&gt;&lt;td class=&quot;column-4&quot;&gt;2008&lt;br \/&gt;\n2007&lt;br \/&gt;\n2007&lt;br \/&gt;\n2007&lt;\/td&gt;&lt;td class=&quot;column-5&quot;&gt;UKS G8 Bielany Warszawa&lt;br \/&gt;\nMKS Tr\u00f3jka \u0141\u00f3d\u017a&lt;br \/&gt;\nUKS SMS Galicja Krak\u00f3w&lt;br \/&gt;\nAZS UMCS Lublin&lt;\/td&gt;&lt;td class=&quot;column-6&quot;&gt;04.lip.2025&lt;\/td&gt;&lt;td class=&quot;column-7&quot;&gt;Samorin SVK&lt;\/td&gt;\n&lt;\/tr&gt;\n&lt;\/tbody&gt;\n&lt;\/table&gt;\n&lt;h2 id=&quot;tablepress-53-name&quot; class=&quot;tablepress-table-name tablepress-table-name-id-53&quot;&gt;p\u0142ywalnia 50m - MIX - JUNIORZY 18 LAT&lt;\/h2&gt;\n&lt;!-- #tablepress-53 from cache --&gt;\" data-wplink-url-error=\"true\">\n<table id=\"tablepress-53-no-2\" class=\"tablepress tablepress-id-53\" aria-labelledby=\"tablepress-53-no-2-name\">\n<thead>\n<tr class=\"row-1\">\n\t<th class=\"column-1\">DYSTANS\/<br \/>\nSTYL<\/th><th class=\"column-2\">CZAS<\/th><th class=\"column-3\">NAZWISKO I IMI\u0118<\/th><th class=\"column-4\">ROK<br \/>\nURODZENIA<\/th><th class=\"column-5\">KLUB<\/th><th class=\"column-6\">DATA<br \/>\nREKORDU<\/th><th class=\"column-7\">MIEJSCE<br \/>\nREKORDU<\/th>\n<\/tr>\n<\/thead>\n<tbody class=\"row-striping row-hover\">\n<tr class=\"row-2\">\n\t<td class=\"column-1\">Sztafety: KLUBOWE<\/td><td class=\"column-2\">mieszane<\/td><td class=\"column-3\"><\/td><td class=\"column-4\"><\/td><td class=\"column-5\"><\/td><td class=\"column-6\"><\/td><td class=\"column-7\"><\/td>\n<\/tr>\n<tr class=\"row-3\">\n\t<td class=\"column-1\">4x100 dowolny<\/td><td class=\"column-2\">3:43.57<\/td><td class=\"column-3\">HERBREDER Gabriela<br \/>\nWI\u015aNIEWSKI Adam<br \/>\nLOJEWSKI Izabella<br \/>\nKONARSKI Maciej<\/td><td class=\"column-4\">2003<br \/>\n2003<br \/>\n2004<br \/>\n2004<\/td><td class=\"column-5\">UKS GIM92 Ursyn\u00f3w Warszawa<\/td><td class=\"column-6\">30.kwi.2021<\/td><td class=\"column-7\">Lublin<\/td>\n<\/tr>\n<tr class=\"row-4\">\n\t<td class=\"column-1\">4x100 zmienny<\/td><td class=\"column-2\">4:00.64<\/td><td class=\"column-3\">BRZOZOWSKI Bartosz<br \/>\nSOBCZAK Zofia<br \/>\nBRZ\u00d3SKA Jan<br \/>\nWALCZAK Barbara<\/td><td class=\"column-4\">2006<br \/>\n2006<br \/>\n2006<br \/>\n2006<\/td><td class=\"column-5\">UKS G-8 Bielany Warszawa<\/td><td class=\"column-6\">18.lip.2023<\/td><td class=\"column-7\">O\u015bwi\u0119cim<\/td>\n<\/tr>\n<tr class=\"row-5\">\n\t<td class=\"column-1\">Sztafety: REPREZENTACJI<\/td><td class=\"column-2\">mieszane<\/td><td class=\"column-3\"><\/td><td class=\"column-4\"><\/td><td class=\"column-5\"><\/td><td class=\"column-6\"><\/td><td class=\"column-7\"><\/td>\n<\/tr>\n<tr class=\"row-6\">\n\t<td class=\"column-1\">4x100m dowolny<\/td><td class=\"column-2\">3:30.76<\/td><td class=\"column-3\">PISZCZOROWICZ Bartosz<br \/>\nFIEDKIEWICZ Kornelia<br \/>\nPOLA\u0143SKA Aleksandra<br \/>\nKRASKA Jakub<\/td><td class=\"column-4\">1999<br \/>\n2001<br \/>\n2000<br \/>\n2000<\/td><td class=\"column-5\">UKS G-8 Bielany Warszawa<br \/>\nMKS Juvenia Wroc\u0142aw<br \/>\nUKS GOS Raszyn<br \/>\nUKS Pi\u0105tka Konstantyn\u00f3w \u0141\u00f3dzki<br \/>\n<\/td><td class=\"column-6\">29.cze.2017<\/td><td class=\"column-7\">Netanya ISR<\/td>\n<\/tr>\n<tr class=\"row-7\">\n\t<td class=\"column-1\">4x100m zmienny<\/td><td class=\"column-2\">3:50.32<\/td><td class=\"column-3\">HLUSHCHENKO Varvara<br \/>\nGAJDA Jan<br \/>\nKAMZOL Flawia<br \/>\nPIETRO\u0143 Przemys\u0142aw<\/td><td class=\"column-4\">2008<br \/>\n2007<br \/>\n2007<br \/>\n2007<\/td><td class=\"column-5\">UKS G8 Bielany Warszawa<br \/>\nMKS Tr\u00f3jka \u0141\u00f3d\u017a<br \/>\nUKS SMS Galicja Krak\u00f3w<br \/>\nAZS UMCS Lublin<\/td><td class=\"column-6\">04.lip.2025<\/td><td class=\"column-7\">Samorin SVK<\/td>\n<\/tr>\n<\/tbody>\n<\/table>\n<h2 id=\"tablepress-53-no-2-name\" class=\"tablepress-table-name tablepress-table-name-id-53\">p\u0142ywalnia 50m - MIX - JUNIORZY 18 LAT<\/h2>\n<!-- #tablepress-53-no-2 from cache --><\/a><\/p>\n<\/div>\n<\/div><\/div>\n","protected":false},"excerpt":{"rendered":"","protected":false},"author":1,"featured_media":0,"parent":0,"menu_order":0,"comment_status":"closed","ping_status":"closed","template":"","meta":{"footnotes":""},"class_list":["post-1724","page","type-page","status-publish","hentry"],"_links":{"self":[{"href":"http:\/\/porabik.pl\/komitet\/index.php?rest_route=\/wp\/v2\/pages\/1724","targetHints":{"allow":["GET"]}}],"collection":[{"href":"http:\/\/porabik.pl\/komitet\/index.php?rest_route=\/wp\/v2\/pages"}],"about":[{"href":"http:\/\/porabik.pl\/komitet\/index.php?rest_route=\/wp\/v2\/types\/page"}],"author":[{"embeddable":true,"href":"http:\/\/porabik.pl\/komitet\/index.php?rest_route=\/wp\/v2\/users\/1"}],"replies":[{"embeddable":true,"href":"http:\/\/porabik.pl\/komitet\/index.php?rest_route=%2Fwp%2Fv2%2Fcomments&post=1724"}],"version-history":[{"count":3,"href":"http:\/\/porabik.pl\/komitet\/index.php?rest_route=\/wp\/v2\/pages\/1724\/revisions"}],"predecessor-version":[{"id":1728,"href":"http:\/\/porabik.pl\/komitet\/index.php?rest_route=\/wp\/v2\/pages\/1724\/revisions\/1728"}],"wp:attachment":[{"href":"http:\/\/porabik.pl\/komitet\/index.php?rest_route=%2Fwp%2Fv2%2Fmedia&parent=1724"}],"curies":[{"name":"wp","href":"https:\/\/api.w.org\/{rel}","templated":true}]}}