{"id":2228,"date":"2023-06-13T18:08:52","date_gmt":"2023-06-13T18:08:52","guid":{"rendered":"http:\/\/porabik.pl\/komitet\/?page_id=2228"},"modified":"2023-06-27T08:51:23","modified_gmt":"2023-06-27T08:51:23","slug":"oom-2023-2","status":"publish","type":"page","link":"http:\/\/porabik.pl\/komitet\/?page_id=2228","title":{"rendered":"OOM 2023"},"content":{"rendered":"\n<p>Kwalifikacje do OOM\u00a0 \u00a0 \u00a0 \u00a0 \u00a0 aktualizacja <span style=\"color:#cf2e2e\" class=\"tadv-color\">27.06.2023<\/span><\/p>\n\n\n\n<p><strong>Za zawodnik\u00f3w wycofanych (zakwalifikowanych do OOM), kt\u00f3rzy z r\u00f3\u017cnych przyczyn nie wystartuj\u0105 na OOM 2023 w Gliwicach mog\u0105 jedynie by\u0107 zakwalifikowani tylko zawodnicy z listy rezerwowej, wed\u0142ug kolejno\u015bci na li\u015bcie rankingowej<\/strong>. (dziewczyna za dziewczyn\u0119, ch\u0142opak za ch\u0142opaka)<\/p>\n\n\n\n<p>Wycofanie zawodnika z OOM nale\u017cy zg\u0142asza\u0107&nbsp;do dnia 23.06.2023&nbsp;na adres: robertbrus@poczta.onet.pl<\/p>\n\n\n\n<p><a href=\"http:\/\/porabik.pl\/komitet\/wp-content\/uploads\/2023\/06\/KOBIETY-OOM-1.pdf\">Lista zawodniczek (kobiet) zakwalifikowanych i rezerwowych do OOM 2023<\/a><\/p>\n<p><a href=\"http:\/\/porabik.pl\/komitet\/wp-content\/uploads\/2023\/06\/MEZCZY\u0179NI-OOM.pdf\">Lista zawodnik\u00f3w (m\u0119\u017cczyzn) zakwalifikowanych i rezerwowych do OOM 2023<\/a><\/p>\n<p><a href=\"http:\/\/porabik.pl\/komitet\/wp-content\/uploads\/2023\/06\/WOJEWODZTWA.pdf\">Lista zawodniczek i zawodnik\u00f3w zakwalifikowanych do OOM 2023 w podziale na wojew\u00f3dztwa<\/a><\/p>\n","protected":false},"excerpt":{"rendered":"<p>Kwalifikacje do OOM\u00a0 \u00a0 \u00a0 \u00a0 \u00a0 aktualizacja 27.06.2023 Za zawodnik\u00f3w wycofanych (zakwalifikowanych do OOM), kt\u00f3rzy z r\u00f3\u017cnych przyczyn nie wystartuj\u0105 na OOM 2023 w Gliwicach mog\u0105 jedynie by\u0107 zakwalifikowani tylko zawodnicy z listy rezerwowej, wed\u0142ug kolejno\u015bci na li\u015bcie rankingowej. (dziewczyna za dziewczyn\u0119, ch\u0142opak za ch\u0142opaka) Wycofanie zawodnika z OOM nale\u017cy zg\u0142asza\u0107&nbsp;do dnia 23.06.2023&nbsp;na adres:<a class=\"moretag\" href=\"http:\/\/porabik.pl\/komitet\/?page_id=2228\"><span class=\"screen-reader-text\">Wi\u0119cej oOOM 2023<\/span>[&#8230;]<\/a><\/p>\n","protected":false},"author":1,"featured_media":0,"parent":0,"menu_order":0,"comment_status":"closed","ping_status":"closed","template":"","meta":{"footnotes":""},"class_list":["post-2228","page","type-page","status-publish","hentry"],"_links":{"self":[{"href":"http:\/\/porabik.pl\/komitet\/index.php?rest_route=\/wp\/v2\/pages\/2228","targetHints":{"allow":["GET"]}}],"collection":[{"href":"http:\/\/porabik.pl\/komitet\/index.php?rest_route=\/wp\/v2\/pages"}],"about":[{"href":"http:\/\/porabik.pl\/komitet\/index.php?rest_route=\/wp\/v2\/types\/page"}],"author":[{"embeddable":true,"href":"http:\/\/porabik.pl\/komitet\/index.php?rest_route=\/wp\/v2\/users\/1"}],"replies":[{"embeddable":true,"href":"http:\/\/porabik.pl\/komitet\/index.php?rest_route=%2Fwp%2Fv2%2Fcomments&post=2228"}],"version-history":[{"count":8,"href":"http:\/\/porabik.pl\/komitet\/index.php?rest_route=\/wp\/v2\/pages\/2228\/revisions"}],"predecessor-version":[{"id":2264,"href":"http:\/\/porabik.pl\/komitet\/index.php?rest_route=\/wp\/v2\/pages\/2228\/revisions\/2264"}],"wp:attachment":[{"href":"http:\/\/porabik.pl\/komitet\/index.php?rest_route=%2Fwp%2Fv2%2Fmedia&parent=2228"}],"curies":[{"name":"wp","href":"https:\/\/api.w.org\/{rel}","templated":true}]}}