{"id":2427,"date":"2024-06-17T20:23:57","date_gmt":"2024-06-17T20:23:57","guid":{"rendered":"http:\/\/porabik.pl\/komitet\/?page_id=2427"},"modified":"2024-06-26T18:03:59","modified_gmt":"2024-06-26T18:03:59","slug":"oom-2024","status":"publish","type":"page","link":"http:\/\/porabik.pl\/komitet\/?page_id=2427","title":{"rendered":"OOM 2024"},"content":{"rendered":"\n<h5><strong><span style=\"color: #ff0000;\">Nale\u017cy zg\u0142osi\u0107 wycofanie<\/span><\/strong> zawodnik\u00f3w zakwalifikowanych, kt\u00f3rzy z r\u00f3\u017cnych przyczyn nie b\u0119d\u0105 startowa\u0107 w OOM w Lublinie do dnia\u00a0 <span style=\"color: #ff0000;\"><strong>20.06.2024 do godziny 24:00<\/strong><\/span> na adres wyniki@polswim.pl. R\u00f3wnie\u017c dotyczy to zawodnik\u00f3w bezpo\u015bredniej rezerwy (pierwsza 10 zawodnik\u00f3w rezerwowych u dziewcz\u0105t i ch\u0142opc\u00f3w).<\/h5>\n<p>Za zawodnik\u00f3w wycofanych kwalifikuj\u0105 si\u0119 zawodnicy rezerwowi w kolejno\u015bci rankigowej<\/p>\n<p><span style=\"color: #ff0000;\">W za\u0142\u0105czniku zakwalifikowanych zawodnik\u00f3w znajduj\u0105 si\u0119 zawodnicy dopuszczeni na koszt w\u0142asny<\/span><\/p>\n<h4><a href=\"http:\/\/porabik.pl\/komitet\/wp-content\/uploads\/2024\/06\/OOM_Women.pdf\">Zawodniczki zakwalifikowane do OOM oraz rezerwa<\/a><\/h4>\n<h4><a href=\"http:\/\/porabik.pl\/komitet\/wp-content\/uploads\/2024\/06\/OOM_Men.pdf\">Zawodnicy zakwalifikowani do OOM oraz rezerwa<\/a><\/h4>\n<h4><a href=\"http:\/\/porabik.pl\/komitet\/wp-content\/uploads\/2024\/06\/OOM_PODZIA\u0141_NA_WOJEWODZTWA.pdf\">Zawodniczki i zawodnicy zakwalifikowani do OOM oraz rezerwa w podziale na wojew\u00f3dztwa<\/a><\/h4>\n<p>W za\u0142\u0105czniku zakwalifikowanych zawodnik\u00f3w znajduj\u0105 si\u0119 zawodnicy dopuszczeni na koszt w\u0142asny<\/p>\n<p><span style=\"color: #3366ff;\">aktualizacja 26.06.2024\u00a0 godz. 20:01<\/span><\/p>\n\n\n\n\n\n<div class=\"wp-block-themeisle-blocks-advanced-columns has-1-columns has-desktop-equal-layout has-tablet-equal-layout has-mobile-equal-layout has-default-gap has-vertical-unset\" id=\"wp-block-themeisle-blocks-advanced-columns-1e374475\"><div class=\"wp-block-themeisle-blocks-advanced-columns-overlay\"><\/div><div class=\"innerblocks-wrap\">\n<div class=\"wp-block-themeisle-blocks-advanced-column\" id=\"wp-block-themeisle-blocks-advanced-column-abbaeae1\"><\/div>\n<\/div><\/div>\n","protected":false},"excerpt":{"rendered":"<p>Nale\u017cy zg\u0142osi\u0107 wycofanie zawodnik\u00f3w zakwalifikowanych, kt\u00f3rzy z r\u00f3\u017cnych przyczyn nie b\u0119d\u0105 startowa\u0107 w OOM w Lublinie do dnia\u00a0 20.06.2024 do godziny 24:00 na adres wyniki@polswim.pl. R\u00f3wnie\u017c dotyczy to zawodnik\u00f3w bezpo\u015bredniej rezerwy (pierwsza 10 zawodnik\u00f3w rezerwowych u dziewcz\u0105t i ch\u0142opc\u00f3w). Za zawodnik\u00f3w wycofanych kwalifikuj\u0105 si\u0119 zawodnicy rezerwowi w kolejno\u015bci rankigowej W za\u0142\u0105czniku zakwalifikowanych zawodnik\u00f3w znajduj\u0105 si\u0119<a class=\"moretag\" href=\"http:\/\/porabik.pl\/komitet\/?page_id=2427\"><span class=\"screen-reader-text\">Wi\u0119cej oOOM 2024<\/span>[&#8230;]<\/a><\/p>\n","protected":false},"author":1,"featured_media":0,"parent":0,"menu_order":0,"comment_status":"closed","ping_status":"closed","template":"","meta":{"footnotes":""},"class_list":["post-2427","page","type-page","status-publish","hentry"],"_links":{"self":[{"href":"http:\/\/porabik.pl\/komitet\/index.php?rest_route=\/wp\/v2\/pages\/2427","targetHints":{"allow":["GET"]}}],"collection":[{"href":"http:\/\/porabik.pl\/komitet\/index.php?rest_route=\/wp\/v2\/pages"}],"about":[{"href":"http:\/\/porabik.pl\/komitet\/index.php?rest_route=\/wp\/v2\/types\/page"}],"author":[{"embeddable":true,"href":"http:\/\/porabik.pl\/komitet\/index.php?rest_route=\/wp\/v2\/users\/1"}],"replies":[{"embeddable":true,"href":"http:\/\/porabik.pl\/komitet\/index.php?rest_route=%2Fwp%2Fv2%2Fcomments&post=2427"}],"version-history":[{"count":10,"href":"http:\/\/porabik.pl\/komitet\/index.php?rest_route=\/wp\/v2\/pages\/2427\/revisions"}],"predecessor-version":[{"id":2480,"href":"http:\/\/porabik.pl\/komitet\/index.php?rest_route=\/wp\/v2\/pages\/2427\/revisions\/2480"}],"wp:attachment":[{"href":"http:\/\/porabik.pl\/komitet\/index.php?rest_route=%2Fwp%2Fv2%2Fmedia&parent=2427"}],"curies":[{"name":"wp","href":"https:\/\/api.w.org\/{rel}","templated":true}]}}