{"id":25,"date":"2017-01-30T08:46:23","date_gmt":"2017-01-30T08:46:23","guid":{"rendered":"http:\/\/porabik.pl\/komitet\/?page_id=25"},"modified":"2025-05-11T10:28:51","modified_gmt":"2025-05-11T10:28:51","slug":"dwd-1011lat","status":"publish","type":"page","link":"http:\/\/porabik.pl\/komitet\/?page_id=25","title":{"rendered":"PUNKTACJA PZP"},"content":{"rendered":"<p>\u00a0<\/p>\n<table style=\"height: 202px; width: 102.019%;\">\n<tbody>\n<tr style=\"height: 48px;\">\n<td style=\"width: 28.6195%; border-color: #000000; background-color: #6ba0f2; height: 48px; text-align: center;\">\n<pre><span style=\"font-family: 'arial black', sans-serif; font-size: 24pt;\">rok<\/span><\/pre>\n<\/td>\n<td style=\"width: 35.3535%; border-color: #000000; background-color: #6ba0f2; height: 48px; text-align: center;\">\n<pre><span style=\"font-family: 'arial black', sans-serif; font-size: 24pt;\">punktacja PZP<br \/>kadencja 2024-28<\/span><\/pre>\n<\/td>\n<td style=\"width: 34.1751%; border-color: #000000; background-color: #6ba0f2; height: 48px; text-align: center;\">\n<pre><span style=\"font-family: 'arial black', sans-serif; font-size: 24pt;\">punktacja PZP<br \/>kadencja 2024-28<\/span><\/pre>\n<\/td>\n<\/tr>\n<tr style=\"height: 36px;\">\n<td style=\"width: 28.6195%; height: 36px; background-color: #6da0f2; border-color: #000000;\">\n<pre><span style=\"font-family: 'arial black', sans-serif; font-size: 18pt;\">2027<\/span><\/pre>\n<\/td>\n<td style=\"width: 35.3535%; height: 36px; text-align: center;\">\n<h3>punktacja klubowa<\/h3>\n<\/td>\n<td style=\"width: 34.1751%; height: 36px; text-align: center;\">\n<h3>punktacja wojew\u00f3dzka<\/h3>\n<\/td>\n<\/tr>\n<tr style=\"height: 36px;\">\n<td style=\"width: 28.6195%; height: 36px; background-color: #6da0f2; border-color: #000000;\">\n<pre><span style=\"font-family: 'arial black', sans-serif; font-size: 18pt;\">2026 <\/span><\/pre>\n<\/td>\n<td style=\"width: 35.3535%; height: 36px; background-color: #d8e8e3; text-align: center;\">\n<h3>punktacja klubowa<\/h3>\n<\/td>\n<td style=\"width: 34.1751%; height: 36px; background-color: #d8e8e3; text-align: center;\"><strong><span style=\"font-family: arial, helvetica, sans-serif; font-size: 18pt;\">punktacja wojew\u00f3dzka<\/span><\/strong><\/td>\n<\/tr>\n<tr style=\"height: 36px;\">\n<td style=\"width: 28.6195%; height: 36px; background-color: #6da0f2; border-color: #000000;\">\n<pre><span style=\"font-family: 'arial black', sans-serif; font-size: 18pt;\">2025 <\/span><\/pre>\n<\/td>\n<td style=\"width: 35.3535%; height: 36px; text-align: center;\">\n<h3><span style=\"color: #000000;\"><strong><a style=\"color: #000000;\" href=\"http:\/\/porabik.pl\/komitet\/wp-content\/uploads\/2025\/05\/klubowa-2025-1.pdf\">punktacja klubowa<\/a><\/strong><\/span><\/h3>\n<\/td>\n<td style=\"width: 34.1751%; height: 36px; text-align: center;\">\n<h3><span style=\"color: #000000;\"><strong><a style=\"color: #000000;\" href=\"http:\/\/porabik.pl\/komitet\/wp-content\/uploads\/2025\/05\/wojew\u00f3dzka-2025.pdf\">wojew\u00f3dzka 2025<\/a><\/strong><\/span><\/h3>\n<\/td>\n<\/tr>\n<tr style=\"height: 36px;\">\n<td style=\"width: 28.6195%; height: 36px; background-color: #6da0f2; border-color: #000000;\">\n<pre><span style=\"font-family: 'arial black', sans-serif; font-size: 18pt;\">2024<\/span><\/pre>\n<\/td>\n<td style=\"width: 35.3535%; height: 36px; background-color: #d8e8e3; text-align: center;\">\n<h3><strong><a href=\"http:\/\/porabik.pl\/komitet\/wp-content\/uploads\/2025\/01\/punktacja-lubowa-2024_2028.pdf\">punktacja klubowa<\/a><\/strong><\/h3>\n<\/td>\n<td style=\"width: 34.1751%; height: 36px; background-color: #d8e8e3; text-align: center;\">\n<h3><strong><a href=\"http:\/\/porabik.pl\/komitet\/wp-content\/uploads\/2025\/01\/punktacja-okr\u0119gowa-2024-2028.pdf\">wojew\u00f3dzka 2024<\/a><\/strong><\/h3>\n<\/td>\n<\/tr>\n<tr style=\"height: 72px;\">\n<td style=\"width: 28.6195%; height: 10px; background-color: #6da0f2; border-color: #000000;\">\n<pre><span style=\"font-size: 18pt; font-family: 'arial black', sans-serif;\">suma pkt 2024-2028<\/span><\/pre>\n<\/td>\n<td style=\"width: 35.3535%; height: 10px; background-color: #d8e8e3; text-align: center;\">\n<h3><strong><a href=\"http:\/\/porabik.pl\/komitet\/wp-content\/uploads\/2025\/01\/pkt-klubowa_2024_2028.pdf\">punktacja klubowa 2024-2028<\/a><\/strong><\/h3>\n<\/td>\n<td style=\"width: 34.1751%; height: 10px; background-color: #d8e8e3; text-align: center;\">\n<h3><strong><a href=\"http:\/\/porabik.pl\/komitet\/wp-content\/uploads\/2025\/01\/pkt-2024_2028_okreg.pdf\">punktacja wojew\u00f3dzka 2024-2028<\/a><\/strong><\/h3>\n<\/td>\n<\/tr>\n<\/tbody>\n<\/table>\n\n\n<p>punktacja klubowa i wojew\u00f3dztw w poszczeg\u00f3lnych latach<\/p>\n<table style=\"width: 100%; height: 1004px;\">\n<tbody>\n<tr style=\"height: 48px;\">\n<td style=\"width: 27.931%; border-color: #000000; background-color: #6ba0f2; height: 48px; text-align: center;\">\n<pre><span style=\"font-family: 'arial black', sans-serif; font-size: 24pt;\">rok<\/span><\/pre>\n<\/td>\n<td style=\"width: 35.8621%; border-color: #000000; background-color: #6ba0f2; height: 48px; text-align: center;\">\n<pre><span style=\"font-family: 'arial black', sans-serif; font-size: 24pt;\">punktacja PZP<\/span><\/pre>\n<\/td>\n<td style=\"width: 34.8276%; border-color: #000000; background-color: #6ba0f2; height: 48px; text-align: center;\">\n<pre><span style=\"font-family: 'arial black', sans-serif; font-size: 24pt;\">punktacja PZP<\/span><\/pre>\n<\/td>\n<\/tr>\n<tr style=\"height: 123px;\">\n<td style=\"width: 27.931%; background-color: #6da0f2; border-color: #000000; height: 123px;\">\n<pre><span style=\"font-family: 'arial black', sans-serif; font-size: 18pt;\"> 2024<\/span><\/pre>\n<\/td>\n<td style=\"width: 35.8621%; text-align: center; height: 123px;\">\n<h3><a href=\"http:\/\/porabik.pl\/komitet\/wp-content\/uploads\/2025\/01\/klubowa-2024.pdf\">punktacja klubowa<\/a><\/h3>\n<\/td>\n<td style=\"width: 34.8276%; text-align: center; height: 123px;\"><strong><span style=\"font-family: arial, helvetica, sans-serif; font-size: 18pt;\"><a href=\"http:\/\/porabik.pl\/komitet\/wp-content\/uploads\/2025\/01\/wojewodzka-2024.pdf\">punktacja klubowa<\/a>\u00a0<\/span><\/strong><\/td>\n<\/tr>\n<tr style=\"height: 123px;\">\n<td style=\"width: 27.931%; background-color: #6da0f2; border-color: #000000; height: 123px;\">\n<pre><span style=\"font-family: 'arial black', sans-serif; font-size: 18pt;\"> 2023 <\/span><\/pre>\n<\/td>\n<td style=\"width: 35.8621%; text-align: center; height: 123px;\">\n<h3><a href=\"http:\/\/porabik.pl\/komitet\/wp-content\/uploads\/2024\/01\/klubowa-2023-1.pdf\">punktacja klubowa<\/a><\/h3>\n<\/td>\n<td style=\"width: 34.8276%; text-align: center; height: 123px;\"><strong><span style=\"font-family: arial, helvetica, sans-serif; font-size: 18pt;\"><a href=\"http:\/\/porabik.pl\/komitet\/wp-content\/uploads\/2024\/01\/wojew\u00f3dzka-2023-2.pdf\">wojew\u00f3dzka 2023<\/a>\u00a0<\/span><\/strong><\/td>\n<\/tr>\n<tr style=\"height: 123px;\">\n<td style=\"width: 27.931%; background-color: #6da0f2; border-color: #000000; height: 123px;\">\n<pre><span style=\"font-family: 'arial black', sans-serif; font-size: 18pt;\"> 2022<\/span><\/pre>\n<\/td>\n<td style=\"width: 35.8621%; text-align: center; height: 123px;\">\n<h3><a href=\"http:\/\/porabik.pl\/komitet\/wp-content\/uploads\/2023\/01\/punktacja-klubowa-2022.pdf\">punktacja klubowa<\/a><\/h3>\n<\/td>\n<td style=\"width: 34.8276%; text-align: center; height: 123px;\"><strong><span style=\"font-family: arial, helvetica, sans-serif; font-size: 18pt;\"> <a href=\"http:\/\/porabik.pl\/komitet\/wp-content\/uploads\/2023\/01\/punktacja-wojewodztw-2022.pdf\">punktacja wojew\u00f3dzka<\/a><\/span><\/strong><\/td>\n<\/tr>\n<tr style=\"height: 154px;\">\n<td style=\"width: 27.931%; background-color: #6da0f2; border-color: #000000; height: 154px;\">\n<pre><span style=\"font-family: 'arial black', sans-serif; font-size: 18pt;\">2021<\/span><\/pre>\n<\/td>\n<td style=\"width: 35.8621%; text-align: center; height: 154px;\">\n<h3><strong><a href=\"http:\/\/porabik.pl\/komitet\/wp-content\/uploads\/2022\/03\/punktacja-klubowa-2021.pdf\">punktacja klubowa<\/a><\/strong><\/h3>\n<strong><span style=\"font-family: arial, helvetica, sans-serif; font-size: 18pt;\"><br \/><\/span><\/strong><\/td>\n<td style=\"width: 34.8276%; text-align: center; height: 154px;\">\n<h3 style=\"text-align: center;\"><a href=\"http:\/\/porabik.pl\/komitet\/wp-content\/uploads\/2021\/12\/punktacja-wojew\u00f3dzka-2021.pdf\">punktacja wojew\u00f3dzka<\/a><\/h3>\n<strong><span style=\"font-family: arial, helvetica, sans-serif; font-size: 18pt;\"><br \/><\/span><\/strong><\/td>\n<\/tr>\n<tr style=\"height: 66px;\">\n<td style=\"width: 27.931%; background-color: #6da0f2; border-color: #000000; height: 66px;\">\n<pre><span style=\"font-family: 'arial black', sans-serif; font-size: 18pt;\">2020<\/span><\/pre>\n<\/td>\n<td style=\"width: 35.8621%; text-align: center; height: 66px;\"><strong><span style=\"font-family: arial, helvetica, sans-serif; font-size: 18pt;\"><a href=\"http:\/\/porabik.pl\/komitet\/wp-content\/uploads\/2021\/02\/punktacja-klubowa-2020.pdf\">punktacja klubowa<\/a><\/span><\/strong><\/td>\n<td style=\"width: 34.8276%; text-align: center; height: 66px;\"><strong><span style=\"font-family: arial, helvetica, sans-serif; font-size: 18pt;\"><a href=\"http:\/\/porabik.pl\/komitet\/wp-content\/uploads\/2021\/02\/punktacja-wojewodztw-2020.pdf\">punktacja wojew\u00f3dzka<\/a><\/span><\/strong><\/td>\n<\/tr>\n<tr style=\"height: 66px;\">\n<td style=\"width: 27.931%; background-color: #6da0f2; border-color: #000000; height: 66px;\">\n<pre><span style=\"font-family: 'arial black', sans-serif; font-size: 18pt;\">2019<\/span><\/pre>\n<\/td>\n<td style=\"width: 35.8621%; text-align: center; height: 66px;\"><strong><span style=\"font-family: arial, helvetica, sans-serif; font-size: 18pt;\"><a href=\"http:\/\/porabik.pl\/komitet\/wp-content\/uploads\/2020\/05\/pkt-2019-klub.pdf\">punktacja klubowa<\/a><\/span><\/strong><\/td>\n<td style=\"width: 34.8276%; text-align: center; height: 66px;\"><strong><span style=\"font-family: arial, helvetica, sans-serif; font-size: 18pt;\"><a href=\"http:\/\/porabik.pl\/komitet\/wp-content\/uploads\/2020\/05\/pkt-2019-wojew.pdf\">punktacja wojew\u00f3dzka<\/a><\/span><\/strong><\/td>\n<\/tr>\n<tr style=\"height: 66px;\">\n<td style=\"width: 27.931%; background-color: #6da0f2; border-color: #000000; height: 66px;\">\n<pre><span style=\"font-family: 'arial black', sans-serif; font-size: 18pt;\">2018\u00a0<\/span><\/pre>\n<\/td>\n<td style=\"width: 35.8621%; text-align: center; height: 66px;\"><strong><span style=\"font-family: arial, helvetica, sans-serif; font-size: 18pt;\"><a href=\"http:\/\/porabik.pl\/komitet\/wp-content\/uploads\/2019\/01\/klub2018.pdf\">punktacja klubowa<\/a><\/span><\/strong><\/td>\n<td style=\"width: 34.8276%; text-align: center; height: 66px;\"><strong><span style=\"font-family: arial, helvetica, sans-serif; font-size: 18pt;\"><a href=\"http:\/\/porabik.pl\/komitet\/wp-content\/uploads\/2019\/01\/wojewodzka2018.pdf\">punktacja wojew\u00f3dzka<\/a><\/span><\/strong><\/td>\n<\/tr>\n<tr style=\"height: 66px;\">\n<td style=\"width: 27.931%; background-color: #6da0f2; border-color: #000000; height: 66px;\">\n<pre><span style=\"font-family: 'arial black', sans-serif; font-size: 18pt;\">2017<\/span><\/pre>\n<\/td>\n<td style=\"width: 35.8621%; text-align: center; height: 66px;\"><strong><span style=\"font-family: arial, helvetica, sans-serif; font-size: 18pt;\"><a href=\"http:\/\/porabik.pl\/komitet\/wp-content\/uploads\/2018\/01\/pkt-2017-klubowa-1.pdf\">punktacja klubowa<\/a><\/span><\/strong><\/td>\n<td style=\"width: 34.8276%; text-align: center; height: 66px;\"><strong><span style=\"font-family: arial, helvetica, sans-serif; font-size: 18pt;\"><a href=\"http:\/\/porabik.pl\/komitet\/wp-content\/uploads\/2018\/01\/pkt-2017-wojew.pdf\">punktacja wojew\u00f3dzka<\/a><\/span><\/strong><\/td>\n<\/tr>\n<tr style=\"height: 36px;\">\n<td style=\"width: 27.931%; height: 36px; background-color: #6da0f2; border-color: #000000;\">\n<pre><span style=\"font-family: 'arial black', sans-serif; font-size: 18pt;\">2016<\/span><\/pre>\n<\/td>\n<td style=\"width: 35.8621%; height: 36px; text-align: center;\">\n<pre><strong><span style=\"font-family: arial, helvetica, sans-serif; font-size: 18pt;\"><a href=\"http:\/\/porabik.pl\/komitet\/wp-content\/uploads\/2017\/01\/pkt-2016-1.pdf\">punktacja klubowa<\/a><\/span><\/strong><\/pre>\n<\/td>\n<td style=\"width: 34.8276%; height: 36px; text-align: center;\">\n<pre><strong><span style=\"font-family: arial, helvetica, sans-serif; font-size: 18pt;\"><a href=\"http:\/\/porabik.pl\/komitet\/wp-content\/uploads\/2017\/01\/pkt-Woj2016.pdf\">punktacja wojew\u00f3dzka<\/a><\/span><\/strong><\/pre>\n<\/td>\n<\/tr>\n<tr style=\"height: 123px;\">\n<td style=\"width: 27.931%; background-color: #6da0f2; border-color: #000000; height: 123px;\">\n<pre><span style=\"font-size: 18pt; font-family: 'arial black', sans-serif;\">suma pkt 2021-2024<\/span><\/pre>\n<\/td>\n<td style=\"width: 35.8621%; background-color: #d8e8e3; text-align: center; height: 123px;\">\n<h3><a href=\"http:\/\/porabik.pl\/komitet\/wp-content\/uploads\/2024\/09\/klubowa_pkt-2021_2024.pdf\"><strong>punktacja klubowa<\/strong><\/a><\/h3>\n<\/td>\n<td style=\"width: 34.8276%; background-color: #d8e8e3; text-align: center; height: 123px;\">\n<h3><a href=\"http:\/\/porabik.pl\/komitet\/wp-content\/uploads\/2024\/08\/pkt-2021_2024_okregowa.pdf\"><strong>punktacja wojew\u00f3dzka<\/strong><\/a><\/h3>\n<\/td>\n<\/tr>\n<tr style=\"height: 72px;\">\n<td style=\"width: 27.931%; height: 10px; background-color: #6da0f2; border-color: #000000;\">\n<pre><span style=\"font-size: 18pt; font-family: 'arial black', sans-serif;\">suma pkt 2016-2021<\/span><\/pre>\n<\/td>\n<td style=\"width: 35.8621%; height: 10px; background-color: #d8e8e3; text-align: center;\">\n<pre><span style=\"font-family: arial, helvetica, sans-serif; font-size: 18pt;\"><strong><a href=\"http:\/\/porabik.pl\/komitet\/wp-content\/uploads\/2021\/02\/pkt-2016_2020-klub.pdf\">punktacja klubowa<\/a><\/strong><\/span><\/pre>\n<\/td>\n<td style=\"width: 34.8276%; height: 10px; background-color: #d8e8e3; text-align: center;\">\n<pre><span style=\"font-family: arial, helvetica, sans-serif;\"><span style=\"font-size: 24px;\"><b><a href=\"http:\/\/porabik.pl\/komitet\/wp-content\/uploads\/2021\/09\/pkt-2016_2021-okregowa.pdf\">punktacja wojew\u00f3dzka<\/a><\/b><\/span><\/span><\/pre>\n<\/td>\n<\/tr>\n<\/tbody>\n<\/table>\n\n\n","protected":false},"excerpt":{"rendered":"<p>\u00a0 rok punktacja PZPkadencja 2024-28 punktacja PZPkadencja 2024-28 2027 punktacja klubowa punktacja wojew\u00f3dzka 2026 punktacja klubowa punktacja wojew\u00f3dzka 2025 punktacja klubowa wojew\u00f3dzka 2025 2024 punktacja klubowa wojew\u00f3dzka 2024 suma pkt 2024-2028 punktacja klubowa 2024-2028 punktacja wojew\u00f3dzka 2024-2028 punktacja klubowa i wojew\u00f3dztw w poszczeg\u00f3lnych latach rok punktacja PZP punktacja PZP 2024 punktacja klubowa punktacja klubowa\u00a0 2023<a class=\"moretag\" href=\"http:\/\/porabik.pl\/komitet\/?page_id=25\"><span class=\"screen-reader-text\">Wi\u0119cej oPUNKTACJA PZP<\/span>[&#8230;]<\/a><\/p>\n","protected":false},"author":1,"featured_media":0,"parent":0,"menu_order":0,"comment_status":"closed","ping_status":"closed","template":"","meta":{"footnotes":""},"class_list":["post-25","page","type-page","status-publish","hentry"],"_links":{"self":[{"href":"http:\/\/porabik.pl\/komitet\/index.php?rest_route=\/wp\/v2\/pages\/25","targetHints":{"allow":["GET"]}}],"collection":[{"href":"http:\/\/porabik.pl\/komitet\/index.php?rest_route=\/wp\/v2\/pages"}],"about":[{"href":"http:\/\/porabik.pl\/komitet\/index.php?rest_route=\/wp\/v2\/types\/page"}],"author":[{"embeddable":true,"href":"http:\/\/porabik.pl\/komitet\/index.php?rest_route=\/wp\/v2\/users\/1"}],"replies":[{"embeddable":true,"href":"http:\/\/porabik.pl\/komitet\/index.php?rest_route=%2Fwp%2Fv2%2Fcomments&post=25"}],"version-history":[{"count":118,"href":"http:\/\/porabik.pl\/komitet\/index.php?rest_route=\/wp\/v2\/pages\/25\/revisions"}],"predecessor-version":[{"id":2662,"href":"http:\/\/porabik.pl\/komitet\/index.php?rest_route=\/wp\/v2\/pages\/25\/revisions\/2662"}],"wp:attachment":[{"href":"http:\/\/porabik.pl\/komitet\/index.php?rest_route=%2Fwp%2Fv2%2Fmedia&parent=25"}],"curies":[{"name":"wp","href":"https:\/\/api.w.org\/{rel}","templated":true}]}}