{"id":260,"date":"2017-02-16T13:50:02","date_gmt":"2017-02-16T13:50:02","guid":{"rendered":"http:\/\/porabik.pl\/komitet\/?page_id=260"},"modified":"2017-02-16T13:50:02","modified_gmt":"2017-02-16T13:50:02","slug":"plywalnia-50m-kobiet-juniorki-18-lat","status":"publish","type":"page","link":"http:\/\/porabik.pl\/komitet\/?page_id=260","title":{"rendered":"p\u0142ywalnia 50m &#8211; KOBIET &#8211; JUNIORKI 18 LAT"},"content":{"rendered":"<span id=\"tablepress-14-description\" class=\"tablepress-table-description tablepress-table-description-id-14\"><\/span>\n\n<table id=\"tablepress-14\" class=\"tablepress tablepress-id-14\" aria-labelledby=\"tablepress-14-name\" aria-describedby=\"tablepress-14-description\">\n<thead>\n<tr class=\"row-1\">\n\t<th class=\"column-1\">DYSTANS\/<br \/>\nSTYL<\/th><th class=\"column-2\">CZAS<\/th><th class=\"column-3\">NAZWISKO I IMI\u0118<\/th><th class=\"column-4\">ROK<br \/>\nURODZENIA<\/th><th class=\"column-5\">KLUB<\/th><th class=\"column-6\">DATA<br \/>\nREKORDU<\/th><th class=\"column-7\">MIEJSCE<br \/>\nREKORDU<\/th>\n<\/tr>\n<\/thead>\n<tbody class=\"row-striping row-hover\">\n<tr class=\"row-2\">\n\t<td class=\"column-1\">50m<br \/>\ndowolny<\/td><td class=\"column-2\">0:25.31<\/td><td class=\"column-3\">WILK Katarzyna<\/td><td class=\"column-4\">1992<\/td><td class=\"column-5\">MKS Jordan Krak\u00f3w<\/td><td class=\"column-6\">21.maj.2009<\/td><td class=\"column-7\">Ostrowiec \u015aw.<\/td>\n<\/tr>\n<tr class=\"row-3\">\n\t<td class=\"column-1\">100m<br \/>\ndowolny<\/td><td class=\"column-2\">0:54.95<\/td><td class=\"column-3\">WILK Katarzyna<\/td><td class=\"column-4\">1992<\/td><td class=\"column-5\">MKS Jordan Krak\u00f3w<\/td><td class=\"column-6\">10.sie.2010<\/td><td class=\"column-7\">Budapeszt HUN<\/td>\n<\/tr>\n<tr class=\"row-4\">\n\t<td class=\"column-1\">200m<br \/>\ndowolny<\/td><td class=\"column-2\">1:58.62<\/td><td class=\"column-3\">BARZYCKA Paulian<\/td><td class=\"column-4\">1986<\/td><td class=\"column-5\">UTS Orlik Lublin<\/td><td class=\"column-6\">17.sie.2004<\/td><td class=\"column-7\">Ateny GRE<\/td>\n<\/tr>\n<tr class=\"row-5\">\n\t<td class=\"column-1\">400m<br \/>\ndowolny<\/td><td class=\"column-2\">4:12.62<\/td><td class=\"column-3\">\u017bUKOWSKA Paula<\/td><td class=\"column-4\">1993<\/td><td class=\"column-5\">MKS Zryw Opole<\/td><td class=\"column-6\">09.gru.2009<\/td><td class=\"column-7\">Doha QAT<\/td>\n<\/tr>\n<tr class=\"row-6\">\n\t<td class=\"column-1\">800m<br \/>\ndowolny<\/td><td class=\"column-2\">8:39.55<\/td><td class=\"column-3\">PIECHOTA Paulina<\/td><td class=\"column-4\">1999<\/td><td class=\"column-5\">UKS 190 \u0141\u00f3d\u017a<\/td><td class=\"column-6\">18.maj.2017<\/td><td class=\"column-7\">Lublin<\/td>\n<\/tr>\n<tr class=\"row-7\">\n\t<td class=\"column-1\">1500m<br \/>\ndowolny<\/td><td class=\"column-2\">16:38.77<\/td><td class=\"column-3\">PIECHOTA Paulina<\/td><td class=\"column-4\">1999<\/td><td class=\"column-5\">UKS 190 \u0141\u00f3d\u017a<\/td><td class=\"column-6\">08.lip.2016<\/td><td class=\"column-7\">Hodmezovarhely HUN<\/td>\n<\/tr>\n<tr class=\"row-8\">\n\t<td class=\"column-1\">50m<br \/>\ngrzbietowy<\/td><td class=\"column-2\">0:28.14<\/td><td class=\"column-3\">HLUSHCHENKO Varvara<\/td><td class=\"column-4\">2008<\/td><td class=\"column-5\">UKS G-8 Bielany Warszawa<\/td><td class=\"column-6\">22.sie.2025<\/td><td class=\"column-7\">Otopeni ROM<\/td>\n<\/tr>\n<tr class=\"row-9\">\n\t<td class=\"column-1\">100m<br \/>\ngrzbietowy<\/td><td class=\"column-2\">1:01.12<\/td><td class=\"column-3\">HLUSHCHENKO Varvara<\/td><td class=\"column-4\">2008<\/td><td class=\"column-5\">UKS G-8 Bielany Warszawa<\/td><td class=\"column-6\">29.kwi.2025<\/td><td class=\"column-7\">Lublin<\/td>\n<\/tr>\n<tr class=\"row-10\">\n\t<td class=\"column-1\">200m<br \/>\ngrzbietowy<\/td><td class=\"column-2\">2:08.96<\/td><td class=\"column-3\">BERNAT Laura<\/td><td class=\"column-4\">2005<\/td><td class=\"column-5\">AZS UMCS Lublin<\/td><td class=\"column-6\">29.lip.2023<\/td><td class=\"column-7\">Fukuoka JAP<\/td>\n<\/tr>\n<tr class=\"row-11\">\n\t<td class=\"column-1\">50m<br \/>\nklasyczny<\/td><td class=\"column-2\">0:31.18<\/td><td class=\"column-3\">PIECHOWICZ Karolina<\/td><td class=\"column-4\">2005<\/td><td class=\"column-5\">SWIMLAND Olsztyn<\/td><td class=\"column-6\">05.lip.2023<\/td><td class=\"column-7\">Belgrad SRB<\/td>\n<\/tr>\n<tr class=\"row-12\">\n\t<td class=\"column-1\">100m<br \/>\nklasyczny<\/td><td class=\"column-2\">1:08.25<\/td><td class=\"column-3\">HALLMANN Weronika<\/td><td class=\"column-4\">2000<\/td><td class=\"column-5\">AZS AWF Warszawa<\/td><td class=\"column-6\">27.maj.2018<\/td><td class=\"column-7\">\u0141\u00f3d\u017a<\/td>\n<\/tr>\n<tr class=\"row-13\">\n\t<td class=\"column-1\">200m<br \/>\nklasyczny<\/td><td class=\"column-2\">2:26.84<\/td><td class=\"column-3\">BIE\u0143KOWSKA Wiktoria<\/td><td class=\"column-4\">1993<\/td><td class=\"column-5\">KS AZS AWFiS Gda\u0144sk<\/td><td class=\"column-6\">09.lip.2009<\/td><td class=\"column-7\">Praga CZE<\/td>\n<\/tr>\n<tr class=\"row-14\">\n\t<td class=\"column-1\">50m<br \/>\nmotylkowy<\/td><td class=\"column-2\">0:26.17<\/td><td class=\"column-3\">KAMZOL Flawia<\/td><td class=\"column-4\">2007<\/td><td class=\"column-5\">UKS SMS Galicja Krak\u00f3w<\/td><td class=\"column-6\">06.lip.2025<\/td><td class=\"column-7\">Samorin SVK<\/td>\n<\/tr>\n<tr class=\"row-15\">\n\t<td class=\"column-1\">100m<br \/>\nmotylkowy<\/td><td class=\"column-2\">0:58.66<\/td><td class=\"column-3\">J\u0118DRZEJCZAK Otylia<\/td><td class=\"column-4\">1983<\/td><td class=\"column-5\">MKS Pa\u0142ac Katowice<\/td><td class=\"column-6\">16.wrz.2000<\/td><td class=\"column-7\">Sydney AUS<\/td>\n<\/tr>\n<tr class=\"row-16\">\n\t<td class=\"column-1\">200m<br \/>\nmotylkowy<\/td><td class=\"column-2\">2:07.81<\/td><td class=\"column-3\">J\u0118DRZEJCZAK Otylia<\/td><td class=\"column-4\">1983<\/td><td class=\"column-5\">MKS Pa\u0142ac Katowice<\/td><td class=\"column-6\">19.wrz.2000<\/td><td class=\"column-7\">Sydney AUS<\/td>\n<\/tr>\n<tr class=\"row-17\">\n\t<td class=\"column-1\">200m<br \/>\nzmienny<\/td><td class=\"column-2\">2:13.86<\/td><td class=\"column-3\">BARANOWSKA Katarzyna<\/td><td class=\"column-4\">1987<\/td><td class=\"column-5\">MKP Szcecin<\/td><td class=\"column-6\">24.lip.2005<\/td><td class=\"column-7\">Montreal CAN<\/td>\n<\/tr>\n<tr class=\"row-18\">\n\t<td class=\"column-1\">400m<br \/>\nzmienny<\/td><td class=\"column-2\">4:43.39<\/td><td class=\"column-3\">BARANOWSKA Katarzyna<\/td><td class=\"column-4\">1987<\/td><td class=\"column-5\">MKP Szczecin<\/td><td class=\"column-6\">20.maj.2005<\/td><td class=\"column-7\">D\u0119bica<\/td>\n<\/tr>\n<tr class=\"row-19\">\n\t<td class=\"column-1\"><strong>Sztafety: KLUBOWE<\/strong><\/td><td class=\"column-2\"><\/td><td class=\"column-3\"><\/td><td class=\"column-4\"><\/td><td class=\"column-5\"><\/td><td class=\"column-6\"><\/td><td class=\"column-7\"><\/td>\n<\/tr>\n<tr class=\"row-20\">\n\t<td class=\"column-1\">4x100m<br \/>\ndowolny<\/td><td class=\"column-2\">3:53.76<\/td><td class=\"column-3\">SOBCZAK Zofia<br \/>\nNIEWCZAS Julita<br \/>\nCZUBIK Aleksandra<br \/>\nWALCZAK Barbara<\/td><td class=\"column-4\">2006<br \/>\n2008<br \/>\n2008<br \/>\n2006<\/td><td class=\"column-5\">UKS G-8 Bielany Warszawa<\/td><td class=\"column-6\">27.kwi.2023<\/td><td class=\"column-7\">Olsztyn<\/td>\n<\/tr>\n<tr class=\"row-21\">\n\t<td class=\"column-1\">4x200m<br \/>\ndowolny<\/td><td class=\"column-2\">8:27.19<\/td><td class=\"column-3\">ANDRZEJEWSKA Kamila<br \/>\nADAMCZYK Julia<br \/>\nCZARNECKA Wiktoria<br \/>\nOSINIAK Ewa<\/td><td class=\"column-4\">1999<br \/>\n1999<br \/>\n1999<br \/>\n2000<\/td><td class=\"column-5\">AZS UMCS Lublin<\/td><td class=\"column-6\">18.maj.2017<\/td><td class=\"column-7\">Lublin<\/td>\n<\/tr>\n<tr class=\"row-22\">\n\t<td class=\"column-1\">4x100m<br \/>\nzmienny<\/td><td class=\"column-2\">4:15.76<\/td><td class=\"column-3\">TCH\u00d3RZ Alicja<br \/>\nZACHOSZCZ Paulina<br \/>\nOLCZAK Mirela<br \/>\nZACHOSZCZ Joanna<\/td><td class=\"column-4\">1992<br \/>\n1993<br \/>\n1993<br \/>\n1993<\/td><td class=\"column-5\">MKP S\u0142owianka Gorz\u00f3w Wlkp<\/td><td class=\"column-6\">06.cze.2010<\/td><td class=\"column-7\">Gliwice<\/td>\n<\/tr>\n<tr class=\"row-23\">\n\t<td class=\"column-1\"><strong>Sztafety: REPREZENTACJI<\/strong><\/td><td class=\"column-2\"><\/td><td class=\"column-3\"><\/td><td class=\"column-4\"><\/td><td class=\"column-5\"><\/td><td class=\"column-6\"><\/td><td class=\"column-7\"><\/td>\n<\/tr>\n<tr class=\"row-24\">\n\t<td class=\"column-1\">4X100m dowolny<\/td><td class=\"column-2\">3:44.99<\/td><td class=\"column-3\">LESNIEWSKA Barbara<br \/>\nKAMZOL Flawia<br \/>\nBORTLISZ Gabriela<br \/>\nHLUSHCHENKO Varvara<\/td><td class=\"column-4\">2010<br \/>\n2007<br \/>\n2010<br \/>\n2008<\/td><td class=\"column-5\">UKS GIM-92 Ursyn\u00f3w Warszawa<br \/>\nUKS SMS Galicja Krak\u00f3w<br \/>\nMUKP Warszawianka Warszawa<br \/>\nUKS G-8 Bielany Warszawa<\/td><td class=\"column-6\">01.lip.2025<\/td><td class=\"column-7\">Samorin SVK<\/td>\n<\/tr>\n<tr class=\"row-25\">\n\t<td class=\"column-1\">4x200m dowolny<\/td><td class=\"column-2\">8:06.97<\/td><td class=\"column-3\">KLIMEK Marta<br \/>\nGU\u015a\u0106 Wiktoria<br \/>\nTARASIEWICZ Klaudia<br \/>\nKNOP Aleksandra<\/td><td class=\"column-4\">2003<br \/>\n2004<br \/>\n2004<br \/>\n2003<\/td><td class=\"column-5\">UKP Unia O\u015bwi\u0119cim<br \/>\nUKS Delfin Piotrk\u00f3w Trybunalski<br \/>\nUKS 190 \u0141\u00f3d\u017a<\/td><td class=\"column-6\">20.sie.2019<\/td><td class=\"column-7\">Budapeszt HUN<\/td>\n<\/tr>\n<tr class=\"row-26\">\n\t<td class=\"column-1\">4x100m zmienny<\/td><td class=\"column-2\">4:05.90<\/td><td class=\"column-3\">HLUSHCHENKO Varvara<br \/>\nBARAN Paulina<br \/>\nKAMZOL Flawia<br \/>\nLESNIEWSKA Barbara<\/td><td class=\"column-4\">2008<br \/>\n2008<br \/>\n2007<br \/>\n2010<\/td><td class=\"column-5\">UKS G-8 Bielany Warszawa<br \/>\nKS G\u00f3rnik Sosnowiec<br \/>\nUKS SMS Galicja Krak\u00f3w<br \/>\nUKS GIM 92 Ursyn\u00f3w Warszawa<\/td><td class=\"column-6\">06.lip.2025<\/td><td class=\"column-7\">Samorin SVK<\/td>\n<\/tr>\n<\/tbody>\n<\/table>\n<h2 id=\"tablepress-14-name\" class=\"tablepress-table-name tablepress-table-name-id-14\">p\u0142ywalnia 50m - KOBIET - JUNIORKI 18LAT<\/h2>\n<!-- #tablepress-14 from cache -->\n","protected":false},"excerpt":{"rendered":"","protected":false},"author":1,"featured_media":0,"parent":0,"menu_order":0,"comment_status":"closed","ping_status":"closed","template":"","meta":{"footnotes":""},"class_list":["post-260","page","type-page","status-publish","hentry"],"_links":{"self":[{"href":"http:\/\/porabik.pl\/komitet\/index.php?rest_route=\/wp\/v2\/pages\/260","targetHints":{"allow":["GET"]}}],"collection":[{"href":"http:\/\/porabik.pl\/komitet\/index.php?rest_route=\/wp\/v2\/pages"}],"about":[{"href":"http:\/\/porabik.pl\/komitet\/index.php?rest_route=\/wp\/v2\/types\/page"}],"author":[{"embeddable":true,"href":"http:\/\/porabik.pl\/komitet\/index.php?rest_route=\/wp\/v2\/users\/1"}],"replies":[{"embeddable":true,"href":"http:\/\/porabik.pl\/komitet\/index.php?rest_route=%2Fwp%2Fv2%2Fcomments&post=260"}],"version-history":[{"count":1,"href":"http:\/\/porabik.pl\/komitet\/index.php?rest_route=\/wp\/v2\/pages\/260\/revisions"}],"predecessor-version":[{"id":261,"href":"http:\/\/porabik.pl\/komitet\/index.php?rest_route=\/wp\/v2\/pages\/260\/revisions\/261"}],"wp:attachment":[{"href":"http:\/\/porabik.pl\/komitet\/index.php?rest_route=%2Fwp%2Fv2%2Fmedia&parent=260"}],"curies":[{"name":"wp","href":"https:\/\/api.w.org\/{rel}","templated":true}]}}