{"id":2668,"date":"2025-06-17T20:22:26","date_gmt":"2025-06-17T20:22:26","guid":{"rendered":"http:\/\/porabik.pl\/komitet\/?page_id=2668"},"modified":"2025-06-30T20:30:31","modified_gmt":"2025-06-30T20:30:31","slug":"oom-2025","status":"publish","type":"page","link":"http:\/\/porabik.pl\/komitet\/?page_id=2668","title":{"rendered":"OOM 2025"},"content":{"rendered":"\n<div class=\"wp-block-themeisle-blocks-advanced-columns has-1-columns has-desktop-equal-layout has-tablet-equal-layout has-mobile-equal-layout has-default-gap has-vertical-unset\" id=\"wp-block-themeisle-blocks-advanced-columns-14da2a60\"><div class=\"wp-block-themeisle-blocks-advanced-columns-overlay\"><\/div><div class=\"innerblocks-wrap\">\n<div class=\"wp-block-themeisle-blocks-advanced-column\" id=\"wp-block-themeisle-blocks-advanced-column-35192738\"><\/div>\n<\/div><\/div>\n\n\n\n<h5 style=\"text-align: center;\"><strong>Nale\u017cy zg\u0142osi\u0107 wycofanie<\/strong> zawodnik\u00f3w zakwalifikowanych, kt\u00f3rzy z r\u00f3\u017cnych przyczyn nie b\u0119d\u0105 startowa\u0107 w OOM w Poznaniu do dnia\u00a0 <strong>29.06.2025 do godziny 24:00<\/strong> na adres robertbrus@poczta.onet.pl R\u00f3wnie\u017c dotyczy to zawodnik\u00f3w bezpo\u015bredniej rezerwy (pierwsza 15 zawodnik\u00f3w rezerwowych u dziewcz\u0105t i ch\u0142opc\u00f3w).<\/h5>\n<p style=\"text-align: center;\"><span style=\"color: #ff0000;\">Za zawodnik\u00f3w wycofanych kwalifikuj\u0105 si\u0119 zawodnicy rezerwowi w kolejno\u015bci rankigowej.<\/span><\/p>\n<h4><a href=\"http:\/\/porabik.pl\/komitet\/wp-content\/uploads\/2025\/06\/kwalifikacje-OOM_kobiet.pdf\">Zawodniczki zakwalifikowane do OOM oraz rezerwa<\/a><\/h4>\n<h4><a href=\"http:\/\/porabik.pl\/komitet\/wp-content\/uploads\/2025\/06\/kwalifikacje-OOM_men-1.pdf\">Zawodnicy zakwalifikowani do OOM oraz rezerwa<\/a><\/h4>\n<h4><a href=\"http:\/\/porabik.pl\/komitet\/wp-content\/uploads\/2025\/06\/kwalifikacje-OOM_wojew.pdf\">Zawodniczki i zawodnicy zakwalifikowani do OOM w podziale na wojew\u00f3dztwa<\/a><\/h4>\n<p>Aktualizacja 30.06.2025\u00a0 godz. 08:35<\/p>\n","protected":false},"excerpt":{"rendered":"<p>Nale\u017cy zg\u0142osi\u0107 wycofanie zawodnik\u00f3w zakwalifikowanych, kt\u00f3rzy z r\u00f3\u017cnych przyczyn nie b\u0119d\u0105 startowa\u0107 w OOM w Poznaniu do dnia\u00a0 29.06.2025 do godziny 24:00 na adres robertbrus@poczta.onet.pl R\u00f3wnie\u017c dotyczy to zawodnik\u00f3w bezpo\u015bredniej rezerwy (pierwsza 15 zawodnik\u00f3w rezerwowych u dziewcz\u0105t i ch\u0142opc\u00f3w). Za zawodnik\u00f3w wycofanych kwalifikuj\u0105 si\u0119 zawodnicy rezerwowi w kolejno\u015bci rankigowej. Zawodniczki zakwalifikowane do OOM oraz rezerwa<a class=\"moretag\" href=\"http:\/\/porabik.pl\/komitet\/?page_id=2668\"><span class=\"screen-reader-text\">Wi\u0119cej oOOM 2025<\/span>[&#8230;]<\/a><\/p>\n","protected":false},"author":1,"featured_media":0,"parent":0,"menu_order":0,"comment_status":"closed","ping_status":"closed","template":"","meta":{"footnotes":""},"class_list":["post-2668","page","type-page","status-publish","hentry"],"_links":{"self":[{"href":"http:\/\/porabik.pl\/komitet\/index.php?rest_route=\/wp\/v2\/pages\/2668","targetHints":{"allow":["GET"]}}],"collection":[{"href":"http:\/\/porabik.pl\/komitet\/index.php?rest_route=\/wp\/v2\/pages"}],"about":[{"href":"http:\/\/porabik.pl\/komitet\/index.php?rest_route=\/wp\/v2\/types\/page"}],"author":[{"embeddable":true,"href":"http:\/\/porabik.pl\/komitet\/index.php?rest_route=\/wp\/v2\/users\/1"}],"replies":[{"embeddable":true,"href":"http:\/\/porabik.pl\/komitet\/index.php?rest_route=%2Fwp%2Fv2%2Fcomments&post=2668"}],"version-history":[{"count":12,"href":"http:\/\/porabik.pl\/komitet\/index.php?rest_route=\/wp\/v2\/pages\/2668\/revisions"}],"predecessor-version":[{"id":2718,"href":"http:\/\/porabik.pl\/komitet\/index.php?rest_route=\/wp\/v2\/pages\/2668\/revisions\/2718"}],"wp:attachment":[{"href":"http:\/\/porabik.pl\/komitet\/index.php?rest_route=%2Fwp%2Fv2%2Fmedia&parent=2668"}],"curies":[{"name":"wp","href":"https:\/\/api.w.org\/{rel}","templated":true}]}}