{"id":295,"date":"2017-02-16T21:40:05","date_gmt":"2017-02-16T21:40:05","guid":{"rendered":"http:\/\/porabik.pl\/komitet\/?page_id=295"},"modified":"2017-02-16T21:40:05","modified_gmt":"2017-02-16T21:40:05","slug":"plywalnia-50m-kobiet-juniorki-16-lat","status":"publish","type":"page","link":"http:\/\/porabik.pl\/komitet\/?page_id=295","title":{"rendered":"p\u0142ywalnia 50m &#8211; KOBIET &#8211; JUNIORKI 16 LAT"},"content":{"rendered":"<span id=\"tablepress-16-description\" class=\"tablepress-table-description tablepress-table-description-id-16\"><\/span>\n\n<table id=\"tablepress-16\" class=\"tablepress tablepress-id-16\" aria-labelledby=\"tablepress-16-name\" aria-describedby=\"tablepress-16-description\">\n<thead>\n<tr class=\"row-1\">\n\t<th class=\"column-1\">DYSTANS\/<br \/>\nSTYL<\/th><th class=\"column-2\">CZAS<\/th><th class=\"column-3\">NAZWISKO I IMI\u0118<\/th><th class=\"column-4\">ROK<br \/>\nURODZENIA<\/th><th class=\"column-5\">KLUB<\/th><th class=\"column-6\">DATA<br \/>\nREKORDU<\/th><th class=\"column-7\">MIEJSCE<br \/>\nREKORDU<\/th>\n<\/tr>\n<\/thead>\n<tbody class=\"row-striping row-hover\">\n<tr class=\"row-2\">\n\t<td class=\"column-1\">50m<br \/>\ndowolny<\/td><td class=\"column-2\">0:25.54<\/td><td class=\"column-3\">KORC Agata<\/td><td class=\"column-4\">1986<\/td><td class=\"column-5\">WKS \u015al\u0105sk Wroc\u0142aw<\/td><td class=\"column-6\">03.sie.2002<\/td><td class=\"column-7\">Berlin GER<\/td>\n<\/tr>\n<tr class=\"row-3\">\n\t<td class=\"column-1\">100m<br \/>\ndowolny<\/td><td class=\"column-2\">0:55.04<\/td><td class=\"column-3\">LE\u015aNIEWSKA Barbara<\/td><td class=\"column-4\">2010<\/td><td class=\"column-5\">UKS GIM 92 Ursyn\u00f3w Warszawa<\/td><td class=\"column-6\">15.mar.2026<\/td><td class=\"column-7\">O\u015bwi\u0119cim<\/td>\n<\/tr>\n<tr class=\"row-4\">\n\t<td class=\"column-1\">200m<br \/>\ndowolny<\/td><td class=\"column-2\">1:58.92<\/td><td class=\"column-3\">LE\u015aNIEWSKA Barbara<\/td><td class=\"column-4\">2010<\/td><td class=\"column-5\">UKS GIM 92 Ursyn\u00f3w Warszawa<\/td><td class=\"column-6\">14.mar.2026<\/td><td class=\"column-7\">O\u015bwi\u0119cim<\/td>\n<\/tr>\n<tr class=\"row-5\">\n\t<td class=\"column-1\">400m<br \/>\ndowolny<\/td><td class=\"column-2\">4:12.62<\/td><td class=\"column-3\">\u017bUKOWSKA Paula<\/td><td class=\"column-4\">1993<\/td><td class=\"column-5\">MKS Zryw Opole<\/td><td class=\"column-6\">09.gru.2009<\/td><td class=\"column-7\">Doha QAT<\/td>\n<\/tr>\n<tr class=\"row-6\">\n\t<td class=\"column-1\">800m<br \/>\ndowolny<\/td><td class=\"column-2\">8:40.48<\/td><td class=\"column-3\">KILIJA\u0143SKA Donata<\/td><td class=\"column-4\">1995<\/td><td class=\"column-5\">KSZO Ostrowiec \u015aw.<\/td><td class=\"column-6\">06.lip.2011<\/td><td class=\"column-7\">Belgrad SRB<\/td>\n<\/tr>\n<tr class=\"row-7\">\n\t<td class=\"column-1\">1500m<br \/>\ndowolny<\/td><td class=\"column-2\">16:38.90<\/td><td class=\"column-3\">KILIJA\u0143SKA Donata<\/td><td class=\"column-4\">1995<\/td><td class=\"column-5\">KSZO Ostrowiec \u015aw.<\/td><td class=\"column-6\">08.lip.2011<\/td><td class=\"column-7\">Belgrad SRB<\/td>\n<\/tr>\n<tr class=\"row-8\">\n\t<td class=\"column-1\">50m<br \/>\ngrzbietowy<\/td><td class=\"column-2\">0:28.56<\/td><td class=\"column-3\">HLUSHCHENKO Varvara<\/td><td class=\"column-4\">2008<\/td><td class=\"column-5\">UKS G-8 Bielany Warszawa<\/td><td class=\"column-6\">13.lip.2024<\/td><td class=\"column-7\">Lublin<\/td>\n<\/tr>\n<tr class=\"row-9\">\n\t<td class=\"column-1\">100m<br \/>\ngrzbietowy<\/td><td class=\"column-2\">1:01.49<\/td><td class=\"column-3\">NAZI\u0118B\u0141O Klaudia<\/td><td class=\"column-4\">1993<\/td><td class=\"column-5\">MKS Juvenia Wroc\u0142aw<\/td><td class=\"column-6\">11.gru.2009<\/td><td class=\"column-7\">Doha QAT<\/td>\n<\/tr>\n<tr class=\"row-10\">\n\t<td class=\"column-1\">200m<br \/>\ngrzbietowy<\/td><td class=\"column-2\">2:09.81<\/td><td class=\"column-3\">BERNAT Laura<\/td><td class=\"column-4\">2005<\/td><td class=\"column-5\">KS AZS UMCS Lublin<\/td><td class=\"column-6\">28.mar.2021<\/td><td class=\"column-7\">Lublin<\/td>\n<\/tr>\n<tr class=\"row-11\">\n\t<td class=\"column-1\">50m<br \/>\nklasyczny<\/td><td class=\"column-2\">0:31.29<\/td><td class=\"column-3\">PIECHOWICZ Karolina<\/td><td class=\"column-4\">2005<\/td><td class=\"column-5\">SWIMLAND Olsztyn<\/td><td class=\"column-6\">06.lip.2021<\/td><td class=\"column-7\">Rzym ITA<\/td>\n<\/tr>\n<tr class=\"row-12\">\n\t<td class=\"column-1\">100m<br \/>\nklasyczny<\/td><td class=\"column-2\">1:08.93<\/td><td class=\"column-3\">PIECHOWICZ Karolina<\/td><td class=\"column-4\">2005<\/td><td class=\"column-5\">SWIMLAND Olsztyn<\/td><td class=\"column-6\">11.lip.2021<\/td><td class=\"column-7\">Rzym ITA<\/td>\n<\/tr>\n<tr class=\"row-13\">\n\t<td class=\"column-1\">200m<br \/>\nklasyczny<\/td><td class=\"column-2\">2:26.84<\/td><td class=\"column-3\">BIE\u0143KOWSKA Wiktoria<\/td><td class=\"column-4\">1993<\/td><td class=\"column-5\">KS AZS AWFiS Gda\u0144sk<\/td><td class=\"column-6\">10.lip.2009<\/td><td class=\"column-7\">Praga CZE<\/td>\n<\/tr>\n<tr class=\"row-14\">\n\t<td class=\"column-1\">50m<br \/>\nmotylkowy<\/td><td class=\"column-2\">0:26.80<\/td><td class=\"column-3\">KAMZOL Flawia<\/td><td class=\"column-4\">2007<\/td><td class=\"column-5\">UKS SMS Galicja Krak\u00f3w<\/td><td class=\"column-6\">22.lip.2023<\/td><td class=\"column-7\">Sheffield GBR<\/td>\n<\/tr>\n<tr class=\"row-15\">\n\t<td class=\"column-1\">100m<br \/>\nmotylkowy<\/td><td class=\"column-2\">0:59.74<\/td><td class=\"column-3\">OLCZAK Mirela<\/td><td class=\"column-4\">1993<\/td><td class=\"column-5\">MKP S\u0142owianka Gorz\u00f3w Wlkp<\/td><td class=\"column-6\">12.gru.2009<\/td><td class=\"column-7\">Doha QAT<\/td>\n<\/tr>\n<tr class=\"row-16\">\n\t<td class=\"column-1\">200m<br \/>\nmotylkowy<\/td><td class=\"column-2\">2:08.72<\/td><td class=\"column-3\">OLCZAK Mirela<\/td><td class=\"column-4\">1993<\/td><td class=\"column-5\">MKP S\u0142owianka Gorz\u00f3w Wlkp<\/td><td class=\"column-6\">29.lip.2009<\/td><td class=\"column-7\">Rzym ITA<\/td>\n<\/tr>\n<tr class=\"row-17\">\n\t<td class=\"column-1\">200m<br \/>\nzmienny<\/td><td class=\"column-2\">2:14.82<\/td><td class=\"column-3\">LESNIEWSKA Barbara<\/td><td class=\"column-4\">2010<\/td><td class=\"column-5\">UKS GIM 92 Ursyn\u00f3w Warszawa<\/td><td class=\"column-6\">25.lip.2025<\/td><td class=\"column-7\">Skopje MKD<\/td>\n<\/tr>\n<tr class=\"row-18\">\n\t<td class=\"column-1\">400m<br \/>\nzmienny<\/td><td class=\"column-2\">4:45.38<\/td><td class=\"column-3\">KNOP Aleksandra<\/td><td class=\"column-4\">2003<\/td><td class=\"column-5\">UKS 190 \u0141\u00f3d\u017a<\/td><td class=\"column-6\">25.maj.2018<\/td><td class=\"column-7\">\u0141\u00f3d\u017a<\/td>\n<\/tr>\n<tr class=\"row-19\">\n\t<td class=\"column-1\"><strong>Sztafety: KLUBOWE<\/strong><\/td><td class=\"column-2\"><\/td><td class=\"column-3\"><\/td><td class=\"column-4\"><\/td><td class=\"column-5\"><\/td><td class=\"column-6\"><\/td><td class=\"column-7\"><\/td>\n<\/tr>\n<tr class=\"row-20\">\n\t<td class=\"column-1\">4x100m<br \/>\ndowolny<\/td><td class=\"column-2\">3:56.61<\/td><td class=\"column-3\">SOBCZAK Zofia<br \/>\nCZUBIK Marta<br \/>\nPR\u00d3BA Oliwia<br \/>\nWALCZAK Barbara<\/td><td class=\"column-4\">2006<br \/>\n2006<br \/>\n2006<br \/>\n2006<\/td><td class=\"column-5\">UKS G-8 Bielany Warszawa<\/td><td class=\"column-6\">16.lip.2022<\/td><td class=\"column-7\">Ostrowiec<\/td>\n<\/tr>\n<tr class=\"row-21\">\n\t<td class=\"column-1\">4x200m<br \/>\ndowolny<\/td><td class=\"column-2\">8:37,49<\/td><td class=\"column-3\">TARASIEWICZ Klaudia<br \/>\nCYNARSKA Weronika<br \/>\nZIELI\u0143SKA Daria<br \/>\nBUSZKA Kornelia<\/td><td class=\"column-4\">2004<br \/>\n2003<br \/>\n2003<br \/>\n2003<\/td><td class=\"column-5\">UKP Polonia Warszawa<\/td><td class=\"column-6\">18.maj.2019<\/td><td class=\"column-7\">Olsztyn<\/td>\n<\/tr>\n<tr class=\"row-22\">\n\t<td class=\"column-1\">4x100m<br \/>\nzmienny<\/td><td class=\"column-2\">4:20.44<\/td><td class=\"column-3\">PIECHOCKA Jagoda<br \/>\nJANCZEWSKA Anna<br \/>\nPTASI\u0143SKA Katarzyna<br \/>\nBUDZIS Joanna<\/td><td class=\"column-4\">1990<br \/>\n1991<br \/>\n1990<br \/>\n1990<\/td><td class=\"column-5\">MKS Polonia Warszawa<\/td><td class=\"column-6\">09.lip.2006<\/td><td class=\"column-7\">Palma de Mallorca ESP<\/td>\n<\/tr>\n<tr class=\"row-23\">\n\t<td class=\"column-1\"><strong>Sztafety: REPREZENTACJI<\/strong><\/td><td class=\"column-2\"><\/td><td class=\"column-3\"><\/td><td class=\"column-4\"><\/td><td class=\"column-5\"><\/td><td class=\"column-6\"><\/td><td class=\"column-7\"><\/td>\n<\/tr>\n<tr class=\"row-24\">\n\t<td class=\"column-1\">4x100m<br \/>\ndowolny<\/td><td class=\"column-2\">3:49.86<\/td><td class=\"column-3\">WILK Katarzyna<br \/>\nBARANOWSKA Magdalena<br \/>\nPAWLACZEK Natalia<br \/>\nSZCZEPANIAK Karolina<\/td><td class=\"column-4\">1992<br \/>\n1993<br \/>\n1993<br \/>\n1993<\/td><td class=\"column-5\">MKS Jordan Krak\u00f3w<br \/>\nUKS SP-1 Solex L\u0119bork<br \/>\nMKS Zryw Opole<br \/>\nAZS AWF Warszawa<\/td><td class=\"column-6\">31.lip.2008<\/td><td class=\"column-7\">Belgrad SRB<\/td>\n<\/tr>\n<tr class=\"row-25\">\n\t<td class=\"column-1\">4x200m<br \/>\ndowolny<\/td><td class=\"column-2\">8:06.97<\/td><td class=\"column-3\">KLIMEK Marta<br \/>\nGU\u015a\u0106 Wiktoria<br \/>\nTARASIEWICZ Klaudia<br \/>\nKNOP Aleksandra<br \/>\n<\/td><td class=\"column-4\">2003<br \/>\n2004<br \/>\n2004<br \/>\n2003<\/td><td class=\"column-5\">UKP Unia O\u015bwi\u0119cim<br \/>\nUKS Delfin Piotrk\u00f3w Trybunalski<br \/>\nUKP Polonia Warszawa<br \/>\nUKS 190 \u0141\u00f3d\u017a<br \/>\n<\/td><td class=\"column-6\">20.sie.2019<\/td><td class=\"column-7\">Budapeszt HUN<\/td>\n<\/tr>\n<tr class=\"row-26\">\n\t<td class=\"column-1\">4x100m<br \/>\nzmienny<\/td><td class=\"column-2\">4:08.91<\/td><td class=\"column-3\">NAZI\u0118B\u0141O Klaudia<br \/>\nZACHOSZCZ Paulina<br \/>\nOLCZAK Mirela<br \/>\nPAWLACZEK Natalia<\/td><td class=\"column-4\">1993<br \/>\n1993<br \/>\n1993<br \/>\n1993<\/td><td class=\"column-5\">MKS Juvenia Wroc\u0142aw<br \/>\nMKP S\u0142owianka Gorz\u00f3w Wlkp<br \/>\nMKP S\u0142owianka Gorz\u00f3w Wlkp<br \/>\nMKS Zryw Opole<\/td><td class=\"column-6\">12.gru.2009<\/td><td class=\"column-7\">Doha QAT<\/td>\n<\/tr>\n<\/tbody>\n<\/table>\n<h2 id=\"tablepress-16-name\" class=\"tablepress-table-name tablepress-table-name-id-16\">p\u0142ywalnia 50m - KOBIET - JUNIORKI 16LAT<\/h2>\n<!-- #tablepress-16 from cache -->\n","protected":false},"excerpt":{"rendered":"","protected":false},"author":1,"featured_media":0,"parent":0,"menu_order":0,"comment_status":"closed","ping_status":"closed","template":"","meta":{"footnotes":""},"class_list":["post-295","page","type-page","status-publish","hentry"],"_links":{"self":[{"href":"http:\/\/porabik.pl\/komitet\/index.php?rest_route=\/wp\/v2\/pages\/295","targetHints":{"allow":["GET"]}}],"collection":[{"href":"http:\/\/porabik.pl\/komitet\/index.php?rest_route=\/wp\/v2\/pages"}],"about":[{"href":"http:\/\/porabik.pl\/komitet\/index.php?rest_route=\/wp\/v2\/types\/page"}],"author":[{"embeddable":true,"href":"http:\/\/porabik.pl\/komitet\/index.php?rest_route=\/wp\/v2\/users\/1"}],"replies":[{"embeddable":true,"href":"http:\/\/porabik.pl\/komitet\/index.php?rest_route=%2Fwp%2Fv2%2Fcomments&post=295"}],"version-history":[{"count":1,"href":"http:\/\/porabik.pl\/komitet\/index.php?rest_route=\/wp\/v2\/pages\/295\/revisions"}],"predecessor-version":[{"id":296,"href":"http:\/\/porabik.pl\/komitet\/index.php?rest_route=\/wp\/v2\/pages\/295\/revisions\/296"}],"wp:attachment":[{"href":"http:\/\/porabik.pl\/komitet\/index.php?rest_route=%2Fwp%2Fv2%2Fmedia&parent=295"}],"curies":[{"name":"wp","href":"https:\/\/api.w.org\/{rel}","templated":true}]}}