{"id":302,"date":"2017-02-17T07:32:18","date_gmt":"2017-02-17T07:32:18","guid":{"rendered":"http:\/\/porabik.pl\/komitet\/?page_id=302"},"modified":"2025-07-08T10:48:22","modified_gmt":"2025-07-08T10:48:22","slug":"dwpd-1011lat","status":"publish","type":"page","link":"http:\/\/porabik.pl\/komitet\/?page_id=302","title":{"rendered":"DWPD 10\/11LAT"},"content":{"rendered":"<h2><a href=\"http:\/\/porabik.pl\/komitet\/wp-content\/uploads\/2025\/07\/druzynowa11-1.pdf\">Punktacja Dru\u017cynowa Wieloboju P\u0142ywackiego Dzieci 11-lat (2025)<\/a><\/h2>\n<h2><a href=\"http:\/\/porabik.pl\/komitet\/wp-content\/uploads\/2025\/07\/druzynowa10-1.pdf\">Punktacja Dru\u017cynowa Wieloboju P\u0142ywackiego Dzieci 10-lat (2025)<\/a><\/h2>\n<h2><a href=\"http:\/\/porabik.pl\/komitet\/wp-content\/uploads\/2024\/06\/druzynowa11.pdf\">Punktacja Dru\u017cynowa Wieloboju P\u0142ywackiego Dzieci 11-lat (2024)<\/a><\/h2>\n<h2><a href=\"http:\/\/porabik.pl\/komitet\/wp-content\/uploads\/2024\/06\/druzynowa10.pdf\">Punktacja Dru\u017cynowa Wieloboju P\u0142ywackiego Dzieci 10-lat (2024)<\/a><\/h2>\n<h2><a href=\"http:\/\/porabik.pl\/komitet\/wp-content\/uploads\/2023\/07\/punktacja-11-latk\u00f3w.pdf\">Punktacja Dru\u017cynowa Wieloboju P\u0142ywackiego Dzieci 11-lat (2023)<\/a><\/h2>\n<h2><a href=\"http:\/\/porabik.pl\/komitet\/wp-content\/uploads\/2023\/07\/punktacja-10-latk\u00f3w.pdf\">Punktacja Dru\u017cynowa Wieloboju P\u0142ywackiego Dzieci 10-lat (2023)<\/a><\/h2>\n<h2 style=\"text-align: center;\"><a href=\"http:\/\/porabik.pl\/komitet\/wp-content\/uploads\/2023\/03\/zakwalifikowani-zawodnicy-OSWiW.pdf\">Zawodnicy spe\u0142niaj\u0105cy warunek dopuszczenia do Dru\u017cynowych Mi\u0119dzywojew\u00f3dzkich Mistrzostw M\u0142odzik\u00f3w w roku 2023<\/a><\/h2>\n<h2><a href=\"http:\/\/porabik.pl\/komitet\/wp-content\/uploads\/2022\/11\/Nowa-Punktacja-Dru\u017cynowa-Wieloboju-11-latk\u00f3w.pdf\">Punktacja Dru\u017cynowa Wieloboju P\u0142ywackiego Dzieci 11-lat (2022)<\/a><\/h2>\n<h2><a href=\"http:\/\/porabik.pl\/komitet\/wp-content\/uploads\/2022\/11\/Nowa-Punktacja-Dru\u017cynowa-Wieloboju-10-latk\u00f3w-1.pdf\">Punktacja Dru\u017cynowa Wieloboju P\u0142ywackiego Dzieci 10-lat (2022)<\/a><\/h2>\n<h2 style=\"text-align: center;\"><strong><a href=\"http:\/\/porabik.pl\/komitet\/wp-content\/uploads\/2022\/02\/dopuszczeni-na-2022.xlsx\">Zawodnicy spe\u0142niaj\u0105cy warunek dopuszczenia do Dru\u017cynowych Mi\u0119dzywojew\u00f3dzkich Mistrzostw M\u0142odzik\u00f3w w roku 2022<\/a><\/strong><\/h2>\n<h3><a href=\"http:\/\/porabik.pl\/komitet\/wp-content\/uploads\/2021\/12\/klasyfikacja-dru\u017cynowa-10-11-lat-nowe.pdf\">Dru\u017cynowy Wielob\u00f3j P\u0142ywacki &#8211; klasyfikacja dru\u017cynowa 10 i 11 lat &#8211; punktacja dru\u017cynowa 2021 &#8211; wyniki uzupe\u0142nione 19.12.2021<\/a><\/h3>\n<p style=\"text-align: center;\"><span style=\"color: #00ccff; font-family: 'arial black', sans-serif; font-size: 14pt;\"><a style=\"color: #00ccff;\" href=\"http:\/\/porabik.pl\/komitet\/wp-content\/uploads\/2019\/09\/punktacja-dru\u017cynowa-DWP-10-lat-2019-polska.pdf\">Dru\u017cynowy Wielob\u00f3j P\u0142ywacki dzieci 10 lat &#8211; punktacja dru\u017cynowa za rok 2019<\/a><\/span><\/p>\n<p style=\"text-align: center;\"><span style=\"color: #00ccff; font-family: 'arial black', sans-serif; font-size: 14pt;\"><a style=\"color: #00ccff;\" href=\"http:\/\/porabik.pl\/komitet\/wp-content\/uploads\/2019\/09\/punktacja-dru\u017cynowa-DWP-10-lat-2019-polska-szczeg\u00f3\u0142y.pdf\">Dru\u017cynowy Wielob\u00f3j P\u0142ywacki 10 lat &#8211; punktacja dru\u017cynowa za rok 2019 &#8211; szczeg\u00f3\u0142y\u00a0<\/a><\/span><\/p>\n<p style=\"text-align: center;\"><span style=\"font-size: 14pt; font-family: 'arial black', sans-serif; color: #00ccff;\"><strong>\u00a0<\/strong><\/span><\/p>\n<h3 style=\"text-align: center;\"><span style=\"color: #00ccff; font-family: 'arial black', sans-serif; font-size: 14pt;\"><a href=\"http:\/\/porabik.pl\/komitet\/wp-content\/uploads\/2020\/05\/punktacja-dru\u017cynowa-DWP-11-lat-2019-polska.pdf\">Dru\u017cynowy Wielob\u00f3j P\u0142ywacki dzieci 11 lat &#8211; punktacja dru\u017cynowa za rok 2019<\/a> <\/span><\/h3>\n<h3 style=\"text-align: center;\"><a href=\"http:\/\/porabik.pl\/komitet\/wp-content\/uploads\/2020\/05\/punktacja-dru\u017cynowa-DWP-11-lat-2019-polska-szczeg\u00f3\u0142y.pdf\"><strong>Dru\u017cynowy Wielob\u00f3j P\u0142ywacki dzieci 11 lat &#8211; punktacja dru\u017cynowa za rok 2019- szczeg\u00f3\u0142y<\/strong>\u00a0<\/a><\/h3>\n<h2 style=\"text-align: center;\"><strong>&#8230;&#8230;&#8230;&#8230;&#8230;&#8230;<\/strong><\/h2>\n<p style=\"text-align: center;\"><span style=\"font-family: 'arial black', sans-serif; font-size: 18pt;\"><a href=\"http:\/\/porabik.pl\/komitet\/wp-content\/uploads\/2018\/07\/druzynowa-11-latkow-1.pdf\">Punktacja dru\u017cynowa Dru\u017cynowego Wieloboju P\u0142ywackiego dzieci 11 lat za rok 2018<\/a><\/span><\/p>\n<p style=\"text-align: center;\"><span style=\"font-size: 18pt;\"><span style=\"font-family: 'arial black', sans-serif;\">&#8230;&#8230;&#8230;&#8230;.<\/span><\/span><\/p>\n<p style=\"text-align: center;\"><span style=\"font-family: 'arial black', sans-serif; font-size: 18pt;\"><a href=\"http:\/\/porabik.pl\/komitet\/wp-content\/uploads\/2018\/07\/druzynowa-10-latkow.pdf\">Punktacja dru\u017cynowa Dru\u017cynowego Wieloboju P\u0142ywackiego dzieci 10 lat za rok 2018<\/a><\/span><\/p>\n<p style=\"text-align: center;\"><span style=\"font-size: 18pt;\"><span style=\"font-family: 'arial black', sans-serif;\">&#8230;&#8230;&#8230;&#8230;.<\/span><\/span><\/p>\n<p><span style=\"font-family: 'arial black', sans-serif; font-size: 18pt;\"><a href=\"http:\/\/porabik.pl\/komitet\/wp-content\/uploads\/2017\/02\/druzynowa-11lat-2.pdf\">Punktacja dru\u017cynowa Dru\u017cynowego Wieloboju P\u0142ywackiego dzieci 11 lat za rok 2017<\/a><\/span><\/p>\n<p><span style=\"font-family: 'arial black', sans-serif; font-size: 14pt;\"><a href=\"http:\/\/porabik.pl\/komitet\/wp-content\/uploads\/2017\/02\/TOP10-11lat.pdf\"><span style=\"color: #ff0000;\"><span style=\"color: #000000;\">10 najlepszych zawodniczek i zawodnik\u00f3w DWP dzieci 11 lat w roku 2017<\/span><\/span><\/a><\/span><\/p>\n<p><span style=\"font-family: 'arial black', sans-serif; font-size: 14pt;\"><a href=\"http:\/\/porabik.pl\/komitet\/wp-content\/uploads\/2017\/02\/najlepsi-11lat.pdf\"><span style=\"color: #000000;\">pe\u0142ne zestawienie klasyfikacji dziewcz\u0105t i ch\u0142opc\u00f3w 11 lat w DWP<\/span><\/a><\/span><\/p>\n<p style=\"text-align: center;\"><span style=\"font-size: 18pt;\"><span style=\"font-family: 'arial black', sans-serif;\">&#8230;&#8230;&#8230;&#8230;.<\/span><\/span><\/p>\n<p><span style=\"font-family: 'arial black', sans-serif; font-size: 18pt;\"><a href=\"http:\/\/porabik.pl\/komitet\/wp-content\/uploads\/2017\/02\/druzynowa-10lat-1.pdf\">Punktacja dru\u017cynowa Dru\u017cynowego Wieloboju P\u0142ywackiego dzieci 10 lat za rok 2017<\/a><\/span><\/p>\n<p><span style=\"font-family: 'arial black', sans-serif; font-size: 14pt; color: #000000;\"><a href=\"http:\/\/porabik.pl\/komitet\/wp-content\/uploads\/2017\/02\/TOP10-10lat-1.pdf\"><span style=\"color: #000000;\">10 najlepszych zawodniczek i zawodnik\u00f3w DWP dzieci 10 lat w roku 2017<\/span><\/a><\/span><\/p>\n<p><span style=\"font-family: 'arial black', sans-serif; font-size: 14pt; color: #000000;\"><a href=\"http:\/\/porabik.pl\/komitet\/wp-content\/uploads\/2017\/02\/najlepsi-10lat.pdf\"><span style=\"color: #000000;\">pe\u0142ne zestawienie klasyfikacji dziewcz\u0105t i ch\u0142opc\u00f3w 10 lat w DWP<\/span><\/a><\/span><\/p>\n","protected":false},"excerpt":{"rendered":"<p>Punktacja Dru\u017cynowa Wieloboju P\u0142ywackiego Dzieci 11-lat (2025) Punktacja Dru\u017cynowa Wieloboju P\u0142ywackiego Dzieci 10-lat (2025) Punktacja Dru\u017cynowa Wieloboju P\u0142ywackiego Dzieci 11-lat (2024) Punktacja Dru\u017cynowa Wieloboju P\u0142ywackiego Dzieci 10-lat (2024) Punktacja Dru\u017cynowa Wieloboju P\u0142ywackiego Dzieci 11-lat (2023) Punktacja Dru\u017cynowa Wieloboju P\u0142ywackiego Dzieci 10-lat (2023) Zawodnicy spe\u0142niaj\u0105cy warunek dopuszczenia do Dru\u017cynowych Mi\u0119dzywojew\u00f3dzkich Mistrzostw M\u0142odzik\u00f3w w roku 2023 Punktacja<a class=\"moretag\" href=\"http:\/\/porabik.pl\/komitet\/?page_id=302\"><span class=\"screen-reader-text\">Wi\u0119cej oDWPD 10\/11LAT<\/span>[&#8230;]<\/a><\/p>\n","protected":false},"author":1,"featured_media":0,"parent":0,"menu_order":0,"comment_status":"closed","ping_status":"closed","template":"","meta":{"footnotes":""},"class_list":["post-302","page","type-page","status-publish","hentry"],"_links":{"self":[{"href":"http:\/\/porabik.pl\/komitet\/index.php?rest_route=\/wp\/v2\/pages\/302","targetHints":{"allow":["GET"]}}],"collection":[{"href":"http:\/\/porabik.pl\/komitet\/index.php?rest_route=\/wp\/v2\/pages"}],"about":[{"href":"http:\/\/porabik.pl\/komitet\/index.php?rest_route=\/wp\/v2\/types\/page"}],"author":[{"embeddable":true,"href":"http:\/\/porabik.pl\/komitet\/index.php?rest_route=\/wp\/v2\/users\/1"}],"replies":[{"embeddable":true,"href":"http:\/\/porabik.pl\/komitet\/index.php?rest_route=%2Fwp%2Fv2%2Fcomments&post=302"}],"version-history":[{"count":61,"href":"http:\/\/porabik.pl\/komitet\/index.php?rest_route=\/wp\/v2\/pages\/302\/revisions"}],"predecessor-version":[{"id":2733,"href":"http:\/\/porabik.pl\/komitet\/index.php?rest_route=\/wp\/v2\/pages\/302\/revisions\/2733"}],"wp:attachment":[{"href":"http:\/\/porabik.pl\/komitet\/index.php?rest_route=%2Fwp%2Fv2%2Fmedia&parent=302"}],"curies":[{"name":"wp","href":"https:\/\/api.w.org\/{rel}","templated":true}]}}