{"id":321,"date":"2017-02-17T10:09:29","date_gmt":"2017-02-17T10:09:29","guid":{"rendered":"http:\/\/porabik.pl\/komitet\/?page_id=321"},"modified":"2017-02-17T10:11:03","modified_gmt":"2017-02-17T10:11:03","slug":"plywalnia-50m-mezczyzn-juniorzy-18-lat","status":"publish","type":"page","link":"http:\/\/porabik.pl\/komitet\/?page_id=321","title":{"rendered":"p\u0142ywalnia 25m &#8211; M\u0118\u017bCZYZN &#8211; JUNIORZY 18 LAT"},"content":{"rendered":"<span id=\"tablepress-27-description\" class=\"tablepress-table-description tablepress-table-description-id-27\"><\/span>\n\n<table id=\"tablepress-27\" class=\"tablepress tablepress-id-27\" aria-labelledby=\"tablepress-27-name\" aria-describedby=\"tablepress-27-description\">\n<thead>\n<tr class=\"row-1\">\n\t<td class=\"column-1\"><\/td><td class=\"column-2\"><\/td><td class=\"column-3\"><\/td><td class=\"column-4\"><\/td><td class=\"column-5\"><\/td><td class=\"column-6\"><\/td><td class=\"column-7\"><\/td>\n<\/tr>\n<\/thead>\n<tbody class=\"row-striping row-hover\">\n<tr class=\"row-2\">\n\t<td class=\"column-1\">DYSTANS\/<br \/>\nSTYL<\/td><td class=\"column-2\">CZAS<\/td><td class=\"column-3\">NAZWISKO I IMI\u0118<\/td><td class=\"column-4\">ROK<br \/>\nURODZENIA<\/td><td class=\"column-5\">KLUB<\/td><td class=\"column-6\">DATA<br \/>\nREKORDU<\/td><td class=\"column-7\">MIEJSCE<br \/>\nREKORDU<\/td>\n<\/tr>\n<tr class=\"row-3\">\n\t<td class=\"column-1\">50m<br \/>\ndowolny<\/td><td class=\"column-2\">0:21.77<\/td><td class=\"column-3\">STOKOWSKI Kacper<\/td><td class=\"column-4\">1999<\/td><td class=\"column-5\">UKS G-8 Bielany Warszawa<\/td><td class=\"column-6\">19.gru.2017<\/td><td class=\"column-7\">\u0141\u00f3d\u017a<\/td>\n<\/tr>\n<tr class=\"row-4\">\n\t<td class=\"column-1\">100m<br \/>\ndowolny<\/td><td class=\"column-2\">0:47.36<\/td><td class=\"column-3\">KRASKA Jakub<\/td><td class=\"column-4\">2000<\/td><td class=\"column-5\">AZS AWF \u0141\u00f3d\u017a<\/td><td class=\"column-6\">21.gru.2018<\/td><td class=\"column-7\">Lublin<\/td>\n<\/tr>\n<tr class=\"row-5\">\n\t<td class=\"column-1\">200m<br \/>\ndowolny<\/td><td class=\"column-2\">1:43.99<\/td><td class=\"column-3\">KRASKA Jakub<\/td><td class=\"column-4\">2000<\/td><td class=\"column-5\">AZS \u0141\u00f3d\u017a<\/td><td class=\"column-6\">19.gru.2018<\/td><td class=\"column-7\">Lublin<\/td>\n<\/tr>\n<tr class=\"row-6\">\n\t<td class=\"column-1\">400m<br \/>\ndowolny<\/td><td class=\"column-2\">3:41.69<\/td><td class=\"column-3\">WOJDAK Wojciech<\/td><td class=\"column-4\">1996<\/td><td class=\"column-5\">UKP Unia O\u015bwi\u0119cim<\/td><td class=\"column-6\">18.gru.2014<\/td><td class=\"column-7\">Ostrowiec \u015aw.<\/td>\n<\/tr>\n<tr class=\"row-7\">\n\t<td class=\"column-1\">800m<br \/>\ndowolny<\/td><td class=\"column-2\">7:38.17<\/td><td class=\"column-3\">WOJDAK Wojciech<\/td><td class=\"column-4\">1996<\/td><td class=\"column-5\">UKP Unia O\u015bwi\u0119cim<\/td><td class=\"column-6\">20.gru.2014<\/td><td class=\"column-7\">Ostrowiec \u015aw.<\/td>\n<\/tr>\n<tr class=\"row-8\">\n\t<td class=\"column-1\">1500m<br \/>\ndowolny<\/td><td class=\"column-2\">14:38.86<\/td><td class=\"column-3\">SAWRYMOWICZ Mateusz<\/td><td class=\"column-4\">1987<\/td><td class=\"column-5\">MKP Szczecin<\/td><td class=\"column-6\">10.gru.2005<\/td><td class=\"column-7\">Triest ITA<\/td>\n<\/tr>\n<tr class=\"row-9\">\n\t<td class=\"column-1\">50m<br \/>\ngrzbietowy<\/td><td class=\"column-2\">0:23.17<\/td><td class=\"column-3\">STOKOWSKI Kacper<\/td><td class=\"column-4\">1999<\/td><td class=\"column-5\">UKS G-8 Bielany Warszawa<\/td><td class=\"column-6\">17.gru.2017<\/td><td class=\"column-7\">Kopenhaga DEN<\/td>\n<\/tr>\n<tr class=\"row-10\">\n\t<td class=\"column-1\">100m<br \/>\ngrzbietowy<\/td><td class=\"column-2\">0:49.69<\/td><td class=\"column-3\">KAW\u0118CKI Rados\u0142aw<\/td><td class=\"column-4\">1991<\/td><td class=\"column-5\">KS Korner Zielona G\u00f3ra<\/td><td class=\"column-6\">12.gru.2009<\/td><td class=\"column-7\">Istambu\u0142 TUR<\/td>\n<\/tr>\n<tr class=\"row-11\">\n\t<td class=\"column-1\">200m<br \/>\ngrzbietowy<\/td><td class=\"column-2\">1:48.73<\/td><td class=\"column-3\">KAW\u0118CKI Rados\u0142aw<\/td><td class=\"column-4\">1991<\/td><td class=\"column-5\">KS Korner Zielona G\u00f3ra<\/td><td class=\"column-6\">18.gru.2009<\/td><td class=\"column-7\">Warszawa<\/td>\n<\/tr>\n<tr class=\"row-12\">\n\t<td class=\"column-1\">50m<br \/>\nklasyczny<\/td><td class=\"column-2\">0:27.00<\/td><td class=\"column-3\">KA\u0141USOWSKI Jan<\/td><td class=\"column-4\">2000<\/td><td class=\"column-5\">MKS Tr\u00f3jka \u0141\u00f3d\u017a<\/td><td class=\"column-6\">22.gru.2018<\/td><td class=\"column-7\">Lublin<\/td>\n<\/tr>\n<tr class=\"row-13\">\n\t<td class=\"column-1\">100m klasyczny<\/td><td class=\"column-2\">0:57.81<\/td><td class=\"column-3\">GAJDA Jan<\/td><td class=\"column-4\">2000<\/td><td class=\"column-5\">MKS Tr\u00f3jka \u0141\u00f3d\u017a<\/td><td class=\"column-6\">02.gru.2025<\/td><td class=\"column-7\">Lublin<\/td>\n<\/tr>\n<tr class=\"row-14\">\n\t<td class=\"column-1\">200m<br \/>\nklasyczny<\/td><td class=\"column-2\">2:06.61<\/td><td class=\"column-3\">KUSTO Rafa\u0142<\/td><td class=\"column-4\">1999<\/td><td class=\"column-5\">UKS Shark Luba\u0144<\/td><td class=\"column-6\">11.mar.2017<\/td><td class=\"column-7\">Gorz\u00f3w Wlkp <\/td>\n<\/tr>\n<tr class=\"row-15\">\n\t<td class=\"column-1\">50m<br \/>\nmotylkowy<\/td><td class=\"column-2\">0:22.91<\/td><td class=\"column-3\">SZYMCZYK Micha\u0142<\/td><td class=\"column-4\">2008<\/td><td class=\"column-5\">MUKP Park Wodny Warszawianka Warszawa<\/td><td class=\"column-6\">21.12.2025<\/td><td class=\"column-7\">Szczecin<\/td>\n<\/tr>\n<tr class=\"row-16\">\n\t<td class=\"column-1\">100m<br \/>\nmotylkowy<\/td><td class=\"column-2\">0:50.89<\/td><td class=\"column-3\">MASIUK Ksawery<\/td><td class=\"column-4\">2004<\/td><td class=\"column-5\">UKS G-8 Bielany Warszawa<\/td><td class=\"column-6\">30.lis.2022<\/td><td class=\"column-7\">Bydgoszcz<\/td>\n<\/tr>\n<tr class=\"row-17\">\n\t<td class=\"column-1\">200m<br \/>\nmotylkowy<\/td><td class=\"column-2\">1:51.84<\/td><td class=\"column-3\">CHMIELEWSKI Krzysztof<\/td><td class=\"column-4\">2004<\/td><td class=\"column-5\">IUKS Muszelka  Warszawa<\/td><td class=\"column-6\">16.gru.2021<\/td><td class=\"column-7\">Abu Dhabi ZEA<\/td>\n<\/tr>\n<tr class=\"row-18\">\n\t<td class=\"column-1\">100m<br \/>\nzmienny<\/td><td class=\"column-2\">0:53.31<\/td><td class=\"column-3\">URBANIAK Olivier<\/td><td class=\"column-4\">2007<\/td><td class=\"column-5\">MKS Tr\u00f3jka \u0141\u00f3d\u017a<\/td><td class=\"column-6\">07.lis.2025<\/td><td class=\"column-7\">Wroc\u0142aw<\/td>\n<\/tr>\n<tr class=\"row-19\">\n\t<td class=\"column-1\">200m<br \/>\nzmienny<\/td><td class=\"column-2\">1:56.16<\/td><td class=\"column-3\">\u015aWIKTOWSKI Jan<\/td><td class=\"column-4\">1994<\/td><td class=\"column-5\">UKS Skarpa Lublin<\/td><td class=\"column-6\">14.gru.2012<\/td><td class=\"column-7\">Istambu\u0142 TUR<\/td>\n<\/tr>\n<tr class=\"row-20\">\n\t<td class=\"column-1\">400m<br \/>\nzmienny<\/td><td class=\"column-2\">4:08.01<\/td><td class=\"column-3\">PIELA Micha\u0142<\/td><td class=\"column-4\">2004<\/td><td class=\"column-5\">UKP Unia O\u015bwi\u0119cim<\/td><td class=\"column-6\">30.lis.2022<\/td><td class=\"column-7\">Bydgoszcz<\/td>\n<\/tr>\n<tr class=\"row-21\">\n\t<td class=\"column-1\">Sztafety: KLUBOWE<\/td><td class=\"column-2\"><\/td><td class=\"column-3\"><\/td><td class=\"column-4\"><\/td><td class=\"column-5\"><\/td><td class=\"column-6\"><\/td><td class=\"column-7\"><\/td>\n<\/tr>\n<tr class=\"row-22\">\n\t<td class=\"column-1\">4x100m<br \/>\ndowolny<\/td><td class=\"column-2\">3:12.97<\/td><td class=\"column-3\">S\u0141OWIK Rafa\u0142<br \/>\nPIOTROWSKI Kacper<br \/>\nPISZCZOROWICZ Bartosz<br \/>\nSTOKOWSKI Kacper<\/td><td class=\"column-4\">2000<br \/>\n2001<br \/>\n1999<br \/>\n1999<\/td><td class=\"column-5\">UKS G-8 Bielany Warszawa<\/td><td class=\"column-6\">21.gru.2017<\/td><td class=\"column-7\">\u0141\u00f3d\u017a<\/td>\n<\/tr>\n<tr class=\"row-23\">\n\t<td class=\"column-1\">4x200m<br \/>\ndowolny<\/td><td class=\"column-2\">7:11.66<\/td><td class=\"column-3\">S\u0141OWIK Rafa\u0142<br \/>\nKAROLCZAK Jan<br \/>\nBUTKIEWICZ Cezary<br \/>\nPIOTROWSKI Kacper<\/td><td class=\"column-4\">2000<br \/>\n2001<br \/>\n2000<br \/>\n2001<\/td><td class=\"column-5\">UKS G-8 Bielany Warszawa<\/td><td class=\"column-6\">21.gru.2018<\/td><td class=\"column-7\">Lublin<\/td>\n<\/tr>\n<tr class=\"row-24\">\n\t<td class=\"column-1\">4x50m<br \/>\nzmienny<\/td><td class=\"column-2\">1:37.67<\/td><td class=\"column-3\">RADISZEWSKI Krzysztof<br \/>\nGREBER Artur<br \/>\nJASKIEWICZ Adrian<br \/>\nORLICZ Filip<\/td><td class=\"column-4\">2002<br \/>\n2001<br \/>\n2002<br \/>\n2002<\/td><td class=\"column-5\">UKS G-8 Bielany Warszawa<\/td><td class=\"column-6\">18.gru.2019<\/td><td class=\"column-7\">Ostrowiec \u015aw.<\/td>\n<\/tr>\n<tr class=\"row-25\">\n\t<td class=\"column-1\">4x100m<br \/>\nzmienny<\/td><td class=\"column-2\">3:33.54<\/td><td class=\"column-3\">MASIUK Ksawery<br \/>\nURBA\u0143SKI Filip<br \/>\nURYNIUK Pawe\u0142<br \/>\nSTACHURSKI Jerzy<\/td><td class=\"column-4\">2004<br \/>\n2004<br \/>\n2003<br \/>\n2004<\/td><td class=\"column-5\">UKS G-8 Bielany Warszawa<\/td><td class=\"column-6\">05.gru.2021<\/td><td class=\"column-7\">Bydgoszcz<\/td>\n<\/tr>\n<\/tbody>\n<\/table>\n<h2 id=\"tablepress-27-name\" class=\"tablepress-table-name tablepress-table-name-id-27\">p\u0142ywalnia 25m - M\u0118\u017bCZYZN - JUNIOR 18 lat<\/h2>\n<!-- #tablepress-27 from cache -->\n","protected":false},"excerpt":{"rendered":"","protected":false},"author":1,"featured_media":0,"parent":0,"menu_order":0,"comment_status":"closed","ping_status":"closed","template":"","meta":{"footnotes":""},"class_list":["post-321","page","type-page","status-publish","hentry"],"_links":{"self":[{"href":"http:\/\/porabik.pl\/komitet\/index.php?rest_route=\/wp\/v2\/pages\/321","targetHints":{"allow":["GET"]}}],"collection":[{"href":"http:\/\/porabik.pl\/komitet\/index.php?rest_route=\/wp\/v2\/pages"}],"about":[{"href":"http:\/\/porabik.pl\/komitet\/index.php?rest_route=\/wp\/v2\/types\/page"}],"author":[{"embeddable":true,"href":"http:\/\/porabik.pl\/komitet\/index.php?rest_route=\/wp\/v2\/users\/1"}],"replies":[{"embeddable":true,"href":"http:\/\/porabik.pl\/komitet\/index.php?rest_route=%2Fwp%2Fv2%2Fcomments&post=321"}],"version-history":[{"count":2,"href":"http:\/\/porabik.pl\/komitet\/index.php?rest_route=\/wp\/v2\/pages\/321\/revisions"}],"predecessor-version":[{"id":325,"href":"http:\/\/porabik.pl\/komitet\/index.php?rest_route=\/wp\/v2\/pages\/321\/revisions\/325"}],"wp:attachment":[{"href":"http:\/\/porabik.pl\/komitet\/index.php?rest_route=%2Fwp%2Fv2%2Fmedia&parent=321"}],"curies":[{"name":"wp","href":"https:\/\/api.w.org\/{rel}","templated":true}]}}