{"id":323,"date":"2017-02-17T10:10:06","date_gmt":"2017-02-17T10:10:06","guid":{"rendered":"http:\/\/porabik.pl\/komitet\/?page_id=323"},"modified":"2017-02-17T10:10:06","modified_gmt":"2017-02-17T10:10:06","slug":"plywalnia-25m-mezczyzn-juniorzy-17-lat","status":"publish","type":"page","link":"http:\/\/porabik.pl\/komitet\/?page_id=323","title":{"rendered":"p\u0142ywalnia 25m &#8211; M\u0118\u017bCZYZN &#8211; JUNIORZY 17 LAT"},"content":{"rendered":"<span id=\"tablepress-28-description\" class=\"tablepress-table-description tablepress-table-description-id-28\"><\/span>\n\n<table id=\"tablepress-28\" class=\"tablepress tablepress-id-28\" aria-labelledby=\"tablepress-28-name\" aria-describedby=\"tablepress-28-description\">\n<thead>\n<tr class=\"row-1\">\n\t<th class=\"column-1\">DYSTANS\/<br \/>\nSTYL<\/th><th class=\"column-2\">CZAS<\/th><th class=\"column-3\">NAZWISKO I IMI\u0118<\/th><th class=\"column-4\">ROK<br \/>\nURODZENIA<\/th><th class=\"column-5\">KLUB<\/th><th class=\"column-6\">DATA<br \/>\nREKORDU<\/th><th class=\"column-7\">MIEJSCE<br \/>\nREKORDU<\/th>\n<\/tr>\n<\/thead>\n<tbody class=\"row-striping row-hover\">\n<tr class=\"row-2\">\n\t<td class=\"column-1\">50m<br \/>\ndowolny<\/td><td class=\"column-2\">0:21.85<\/td><td class=\"column-3\">SZYMCZYK Micha\u0142<\/td><td class=\"column-4\">2008<\/td><td class=\"column-5\">MUKP Wodny Park Warszawianka Warszawa<\/td><td class=\"column-6\">18.gru.2025<\/td><td class=\"column-7\">Szczecin<\/td>\n<\/tr>\n<tr class=\"row-3\">\n\t<td class=\"column-1\">100m<br \/>\ndowolny<\/td><td class=\"column-2\">0:47.87<\/td><td class=\"column-3\">KRASKA Jakub<\/td><td class=\"column-4\">2000<\/td><td class=\"column-5\">AZS U\u0141 P\u0141 \u0141\u00f3d\u017a<\/td><td class=\"column-6\">20.gru.2017<\/td><td class=\"column-7\">\u0141\u00f3d\u017a<\/td>\n<\/tr>\n<tr class=\"row-4\">\n\t<td class=\"column-1\">200m<br \/>\ndowolny<\/td><td class=\"column-2\">1:44.64<\/td><td class=\"column-3\">STOKOWSKI Kacper<\/td><td class=\"column-4\">1999<\/td><td class=\"column-5\">UKS G-8 Bielany Warszawa<\/td><td class=\"column-6\">02.gru.2016<\/td><td class=\"column-7\">Olsztyn<\/td>\n<\/tr>\n<tr class=\"row-5\">\n\t<td class=\"column-1\">400m<br \/>\ndowolny<\/td><td class=\"column-2\">3:44.30<\/td><td class=\"column-3\">BLUJ Aleksander<\/td><td class=\"column-4\">2009<\/td><td class=\"column-5\">UKS GIM-92 Ursyn\u00f3w Warszawa<\/td><td class=\"column-6\">20.gru.2025<\/td><td class=\"column-7\">Szczecin<\/td>\n<\/tr>\n<tr class=\"row-6\">\n\t<td class=\"column-1\">800m<br \/>\ndowolny<\/td><td class=\"column-2\">7:41.32<\/td><td class=\"column-3\">LITOBORSKI Miko\u0142aj<\/td><td class=\"column-4\">2008<\/td><td class=\"column-5\">O\u015a AZS Pozna\u0144<\/td><td class=\"column-6\">21.gru.2025<\/td><td class=\"column-7\">Szczecin<\/td>\n<\/tr>\n<tr class=\"row-7\">\n\t<td class=\"column-1\">1500m<br \/>\ndowolny<\/td><td class=\"column-2\">14:46.21<\/td><td class=\"column-3\">HRENIAK Maciej<\/td><td class=\"column-4\">1989<\/td><td class=\"column-5\">UKS Ruch Grudzi\u0105dz<\/td><td class=\"column-6\">09.gru.2006<\/td><td class=\"column-7\">Helsinki FIN<\/td>\n<\/tr>\n<tr class=\"row-8\">\n\t<td class=\"column-1\">50m<br \/>\ngrzbietowy<\/td><td class=\"column-2\">0:23.40<\/td><td class=\"column-3\">STOKOWSKI Kacper<\/td><td class=\"column-4\">1999<\/td><td class=\"column-5\">UKS G-8 Bielany Warszawa<\/td><td class=\"column-6\">16.gru.2016<\/td><td class=\"column-7\">Olsztyn<\/td>\n<\/tr>\n<tr class=\"row-9\">\n\t<td class=\"column-1\">100m<br \/>\ngrzbietowy<\/td><td class=\"column-2\">0:50.53<\/td><td class=\"column-3\">STOKOWSKI Kacper<\/td><td class=\"column-4\">1999<\/td><td class=\"column-5\">UKS G-8 Bielany Warszawa<\/td><td class=\"column-6\">17.gru.2016<\/td><td class=\"column-7\">Olsztyn<\/td>\n<\/tr>\n<tr class=\"row-10\">\n\t<td class=\"column-1\">200m<br \/>\ngrzbietowy<\/td><td class=\"column-2\">1:51.76<\/td><td class=\"column-3\">STOKOWSKI Kacper<\/td><td class=\"column-4\">1999<\/td><td class=\"column-5\">UKS G-8 Bielany Warszawa<\/td><td class=\"column-6\">15.gru.2016<\/td><td class=\"column-7\">Olsztyn<\/td>\n<\/tr>\n<tr class=\"row-11\">\n\t<td class=\"column-1\">50m<br \/>\nklasyczny<\/td><td class=\"column-2\">0:27.13<\/td><td class=\"column-3\">GAJDA Jan<\/td><td class=\"column-4\">2007<\/td><td class=\"column-5\">MKS Tr\u00f3jka \u0141\u00f3d\u017a<\/td><td class=\"column-6\">20.gru.2024<\/td><td class=\"column-7\">Bydgoszcz<\/td>\n<\/tr>\n<tr class=\"row-12\">\n\t<td class=\"column-1\">100m<br \/>\nklasyczny<\/td><td class=\"column-2\">0:58.57<\/td><td class=\"column-3\">GAJDA Jan<\/td><td class=\"column-4\">2007<\/td><td class=\"column-5\">MKS Tr\u00f3jka \u0141\u00f3d\u017a<\/td><td class=\"column-6\">22.gru.2024<\/td><td class=\"column-7\">Bydgoszcz<\/td>\n<\/tr>\n<tr class=\"row-13\">\n\t<td class=\"column-1\">200m<br \/>\nklasyczny<\/td><td class=\"column-2\">2:07.87<\/td><td class=\"column-3\">JUREKO Marcel<\/td><td class=\"column-4\">2008<\/td><td class=\"column-5\">UKP Jedynka Elbl\u0105g<\/td><td class=\"column-6\">20.gru.2025<\/td><td class=\"column-7\">Szczecin<\/td>\n<\/tr>\n<tr class=\"row-14\">\n\t<td class=\"column-1\">50m<br \/>\nmotylkowy<\/td><td class=\"column-2\">0:22.91<\/td><td class=\"column-3\">SZYMCZYK Micha\u0142<\/td><td class=\"column-4\">2008<\/td><td class=\"column-5\">GOS Raszyn<\/td><td class=\"column-6\">21.gru.2025<\/td><td class=\"column-7\">Szczecin<\/td>\n<\/tr>\n<tr class=\"row-15\">\n\t<td class=\"column-1\">100m<br \/>\nmotylkowy<\/td><td class=\"column-2\">0:51.20<\/td><td class=\"column-3\">MASIUK Ksawery<\/td><td class=\"column-4\">2004<\/td><td class=\"column-5\">UKS G-8 Bielany Warszawa<\/td><td class=\"column-6\">01.gru.2021<\/td><td class=\"column-7\">Bydgoszcz<\/td>\n<\/tr>\n<tr class=\"row-16\">\n\t<td class=\"column-1\">200m<br \/>\nmotylkowy<\/td><td class=\"column-2\">1:51.84<\/td><td class=\"column-3\">CHMILEWSKI Krzysztof<\/td><td class=\"column-4\">2004<\/td><td class=\"column-5\">IUKS Muszelka Warszawa<\/td><td class=\"column-6\">16.gru.2021<\/td><td class=\"column-7\">Abu Dhabi (ZEA)<\/td>\n<\/tr>\n<tr class=\"row-17\">\n\t<td class=\"column-1\">100m<br \/>\nzmienny<\/td><td class=\"column-2\">0:54.22<\/td><td class=\"column-3\">GAJDA Jan<\/td><td class=\"column-4\">2007<\/td><td class=\"column-5\">MKS Tr\u00f3jka \u0141\u00f3d\u017a<\/td><td class=\"column-6\">19.gru.2024<\/td><td class=\"column-7\">Bydgoszcz<\/td>\n<\/tr>\n<tr class=\"row-18\">\n\t<td class=\"column-1\">200m<br \/>\nzmienny<\/td><td class=\"column-2\">1:58.52<\/td><td class=\"column-3\">\u015aWITKOWSKI Jan<\/td><td class=\"column-4\">1994<\/td><td class=\"column-5\">UKS Skarpa Lublin<\/td><td class=\"column-6\">15.gru.2011<\/td><td class=\"column-7\">Pozna\u0144<\/td>\n<\/tr>\n<tr class=\"row-19\">\n\t<td class=\"column-1\">400m<br \/>\nzmienny<\/td><td class=\"column-2\">4:11.22<\/td><td class=\"column-3\">W\u0104GROWSKI Marcel<\/td><td class=\"column-4\">1999<\/td><td class=\"column-5\">TP Olimpijczyk Aleksandr\u00f3w \u0141\u00f3dzki<\/td><td class=\"column-6\">16.gru.2016<\/td><td class=\"column-7\">Olsztyn<\/td>\n<\/tr>\n<tr class=\"row-20\">\n\t<td class=\"column-1\">Sztafety: KLUBOWE<\/td><td class=\"column-2\"><\/td><td class=\"column-3\"><\/td><td class=\"column-4\"><\/td><td class=\"column-5\"><\/td><td class=\"column-6\"><\/td><td class=\"column-7\"><\/td>\n<\/tr>\n<tr class=\"row-21\">\n\t<td class=\"column-1\">4x100m<br \/>\ndowolny<\/td><td class=\"column-2\">3:19.88<\/td><td class=\"column-3\">BOGULSKI Bart\u0142omiej<br \/>\nWERNER Pawe\u0142<br \/>\nSOBO\u0143 Julian<br \/>\nK\u0141USEK Adrian<\/td><td class=\"column-4\">1992<br \/>\n1993<br \/>\n1992<br \/>\n1993<\/td><td class=\"column-5\">MKS Juvenia Wroc\u0142aw<\/td><td class=\"column-6\">28.lis.2009<\/td><td class=\"column-7\">Gorz\u00f3w Wlkp<\/td>\n<\/tr>\n<tr class=\"row-22\">\n\t<td class=\"column-1\">4x200m<br \/>\ndowolny<\/td><td class=\"column-2\">7:17.48<\/td><td class=\"column-3\">BLUJ Aleksander<br \/>\nWIRASZKA Piotr<br \/>\nSTAWICKI MATEUSZ<br \/>\nKRAWCZYK Jakub<\/td><td class=\"column-4\">2009<br \/>\n2009<br \/>\n2009<br \/>\n2008<\/td><td class=\"column-5\">UKS GIM 92 Ursyn\u00f3w Warszawa<\/td><td class=\"column-6\">18.gru.2026<\/td><td class=\"column-7\">Szczecin<\/td>\n<\/tr>\n<tr class=\"row-23\">\n\t<td class=\"column-1\">4x50m<br \/>\nzmienny<\/td><td class=\"column-2\">1:39.02<\/td><td class=\"column-3\">URBANIAK Olivier<br \/>\nGAJDA Jan<br \/>\nPI\u0104TKIEWICZ Piotr<br \/>\nULAS Antoni<\/td><td class=\"column-4\">2007<br \/>\n2007<br \/>\n2007<br \/>\n2007<\/td><td class=\"column-5\">MKS Tr\u00f3jka \u0141\u00f3d\u017a<\/td><td class=\"column-6\">19.gru.2024<\/td><td class=\"column-7\">Bydgoszcz<\/td>\n<\/tr>\n<tr class=\"row-24\">\n\t<td class=\"column-1\">4x100m<br \/>\nzmienny<\/td><td class=\"column-2\">3:37.74<\/td><td class=\"column-3\">URBANIAK Oliwier<br \/>\nGAJDA Jan<br \/>\nPI\u0104TKIEWICZ Piotr<br \/>\nULAS Antoni<\/td><td class=\"column-4\">2007<br \/>\n2007<br \/>\n2007<br \/>\n2007<\/td><td class=\"column-5\">MKS Tr\u00f3jka \u0141\u00f3d\u017a<\/td><td class=\"column-6\">22.gru.2024<\/td><td class=\"column-7\">Bydgoszcz<\/td>\n<\/tr>\n<\/tbody>\n<\/table>\n<h2 id=\"tablepress-28-name\" class=\"tablepress-table-name tablepress-table-name-id-28\">p\u0142ywalnia 25m - M\u0118\u017bCZYZN - JUNIOR 17 lat<\/h2>\n<!-- #tablepress-28 from cache -->\n","protected":false},"excerpt":{"rendered":"","protected":false},"author":1,"featured_media":0,"parent":0,"menu_order":0,"comment_status":"closed","ping_status":"closed","template":"","meta":{"footnotes":""},"class_list":["post-323","page","type-page","status-publish","hentry"],"_links":{"self":[{"href":"http:\/\/porabik.pl\/komitet\/index.php?rest_route=\/wp\/v2\/pages\/323","targetHints":{"allow":["GET"]}}],"collection":[{"href":"http:\/\/porabik.pl\/komitet\/index.php?rest_route=\/wp\/v2\/pages"}],"about":[{"href":"http:\/\/porabik.pl\/komitet\/index.php?rest_route=\/wp\/v2\/types\/page"}],"author":[{"embeddable":true,"href":"http:\/\/porabik.pl\/komitet\/index.php?rest_route=\/wp\/v2\/users\/1"}],"replies":[{"embeddable":true,"href":"http:\/\/porabik.pl\/komitet\/index.php?rest_route=%2Fwp%2Fv2%2Fcomments&post=323"}],"version-history":[{"count":1,"href":"http:\/\/porabik.pl\/komitet\/index.php?rest_route=\/wp\/v2\/pages\/323\/revisions"}],"predecessor-version":[{"id":324,"href":"http:\/\/porabik.pl\/komitet\/index.php?rest_route=\/wp\/v2\/pages\/323\/revisions\/324"}],"wp:attachment":[{"href":"http:\/\/porabik.pl\/komitet\/index.php?rest_route=%2Fwp%2Fv2%2Fmedia&parent=323"}],"curies":[{"name":"wp","href":"https:\/\/api.w.org\/{rel}","templated":true}]}}