{"id":326,"date":"2017-02-17T10:11:35","date_gmt":"2017-02-17T10:11:35","guid":{"rendered":"http:\/\/porabik.pl\/komitet\/?page_id=326"},"modified":"2017-02-17T10:11:35","modified_gmt":"2017-02-17T10:11:35","slug":"plywalnia-25m-mezczyzn-juniorzy-16-lat","status":"publish","type":"page","link":"http:\/\/porabik.pl\/komitet\/?page_id=326","title":{"rendered":"p\u0142ywalnia 25m &#8211; M\u0118\u017bCZYZN &#8211; JUNIORZY 16 LAT"},"content":{"rendered":"<span id=\"tablepress-29-description\" class=\"tablepress-table-description tablepress-table-description-id-29\"><\/span>\n\n<table id=\"tablepress-29\" class=\"tablepress tablepress-id-29\" aria-labelledby=\"tablepress-29-name\" aria-describedby=\"tablepress-29-description\">\n<thead>\n<tr class=\"row-1\">\n\t<th class=\"column-1\">DYSTANS\/<br \/>\nSTYL<\/th><th class=\"column-2\">CZAS<\/th><th class=\"column-3\">NAZWISKO I IMI\u0118<\/th><th class=\"column-4\">ROK<br \/>\nURODZENIA<\/th><th class=\"column-5\">KLUB<\/th><th class=\"column-6\">DATA<br \/>\nREKORDU<\/th><th class=\"column-7\">MIEJSCE<br \/>\nREKORDU<\/th>\n<\/tr>\n<\/thead>\n<tbody class=\"row-striping row-hover\">\n<tr class=\"row-2\">\n\t<td class=\"column-1\">50m<br \/>\ndowolny<\/td><td class=\"column-2\">0:22.13<\/td><td class=\"column-3\">PIETRO\u0143 Przemys\u0142aw<\/td><td class=\"column-4\">2007<\/td><td class=\"column-5\">AZS UMCS Lublin<\/td><td class=\"column-6\">15.gru.2023<\/td><td class=\"column-7\">Bydgoszcz<\/td>\n<\/tr>\n<tr class=\"row-3\">\n\t<td class=\"column-1\">100m<br \/>\ndowolny<\/td><td class=\"column-2\">0:48.41<\/td><td class=\"column-3\">PIETRO\u0143 Przemys\u0142aw<\/td><td class=\"column-4\">2007<\/td><td class=\"column-5\">AZS UMCS Lublin<\/td><td class=\"column-6\">17.gru.2023<\/td><td class=\"column-7\">Bydgoszcz<\/td>\n<\/tr>\n<tr class=\"row-4\">\n\t<td class=\"column-1\">200m<br \/>\ndowolny<\/td><td class=\"column-2\">1:45.41<\/td><td class=\"column-3\">BLUJ Aleksander<\/td><td class=\"column-4\">2009<\/td><td class=\"column-5\">UKS GIM-92 Ursyn\u00f3w Warszawa<\/td><td class=\"column-6\">12.gru.2025<\/td><td class=\"column-7\">Gorz\u00f3w Wlkp.<\/td>\n<\/tr>\n<tr class=\"row-5\">\n\t<td class=\"column-1\">400m<br \/>\ndowolny<\/td><td class=\"column-2\">3:44.30<\/td><td class=\"column-3\">BLUJ Aleksander<\/td><td class=\"column-4\">2009<\/td><td class=\"column-5\">UKS GIM-92 Ursyn\u00f3w Warszawa<\/td><td class=\"column-6\">20.gru.2025<\/td><td class=\"column-7\">Szczecin<\/td>\n<\/tr>\n<tr class=\"row-6\">\n\t<td class=\"column-1\">800m<br \/>\ndowolny<\/td><td class=\"column-2\">7:51.09<\/td><td class=\"column-3\">BLUJ Aleksander<\/td><td class=\"column-4\">2009<\/td><td class=\"column-5\">UKS GIM-92 Ursyn\u00f3w Warszawa<\/td><td class=\"column-6\">21.gru.2025<\/td><td class=\"column-7\">Szczecin<\/td>\n<\/tr>\n<tr class=\"row-7\">\n\t<td class=\"column-1\">1500m<br \/>\ndowolny<\/td><td class=\"column-2\">14:56.06<\/td><td class=\"column-3\">BLUJ Aleksander<\/td><td class=\"column-4\">2009<\/td><td class=\"column-5\">UKS GIM-92 Ursyn\u00f3w Warszawa<\/td><td class=\"column-6\">14.gru.2025<\/td><td class=\"column-7\">Gorz\u00f3w Wlkp<\/td>\n<\/tr>\n<tr class=\"row-8\">\n\t<td class=\"column-1\">50m<br \/>\ngrzbietowy<\/td><td class=\"column-2\">0:23.88<\/td><td class=\"column-3\">KOSI\u0143SKI Filip<\/td><td class=\"column-4\">2004<\/td><td class=\"column-5\">AZS AWF Warszawa<\/td><td class=\"column-6\">12.gru.2020<\/td><td class=\"column-7\">Gliwice<\/td>\n<\/tr>\n<tr class=\"row-9\">\n\t<td class=\"column-1\">100m<br \/>\ngrzbietowy<\/td><td class=\"column-2\">0:51.78<\/td><td class=\"column-3\">KOSI\u0143SKI Filip<\/td><td class=\"column-4\">2004<\/td><td class=\"column-5\">AZS AWF Warszawa<\/td><td class=\"column-6\">20.gru.2020<\/td><td class=\"column-7\">Olsztyn<\/td>\n<\/tr>\n<tr class=\"row-10\">\n\t<td class=\"column-1\">200m<br \/>\ngrzbietowy<\/td><td class=\"column-2\">1:53.03<\/td><td class=\"column-3\">KOSI\u0143SKI Filip<\/td><td class=\"column-4\">2004<\/td><td class=\"column-5\">AZS AWF Warszawa<\/td><td class=\"column-6\">11.gru.2020<\/td><td class=\"column-7\">Gliwice<\/td>\n<\/tr>\n<tr class=\"row-11\">\n\t<td class=\"column-1\">50m<br \/>\nklasyczny<\/td><td class=\"column-2\">0:27.67<\/td><td class=\"column-3\">KRACZKOWSKI Tomasz<\/td><td class=\"column-4\">2004<\/td><td class=\"column-5\">SWIMLAND Olsztyn<\/td><td class=\"column-6\">20.paz.2020<\/td><td class=\"column-7\">Olsztyn<\/td>\n<\/tr>\n<tr class=\"row-12\">\n\t<td class=\"column-1\"><\/td><td class=\"column-2\">0:27.67<\/td><td class=\"column-3\">MAKSAJDA Kacper<\/td><td class=\"column-4\">2006<\/td><td class=\"column-5\">TP Skalar S\u0142upsk<\/td><td class=\"column-6\">09.gru.2022<\/td><td class=\"column-7\">Gorz\u00f3w Wlkp<\/td>\n<\/tr>\n<tr class=\"row-13\">\n\t<td class=\"column-1\">100m<br \/>\nklasyczny<\/td><td class=\"column-2\">1:00.19<\/td><td class=\"column-3\">JUREKO Marcel<\/td><td class=\"column-4\">2008<\/td><td class=\"column-5\">UKP Jedynka Elbl\u0105g<\/td><td class=\"column-6\">14.gru.2024<\/td><td class=\"column-7\">Pozna\u0144<\/td>\n<\/tr>\n<tr class=\"row-14\">\n\t<td class=\"column-1\">200m<br \/>\nklasyczny<\/td><td class=\"column-2\">2:10.47<\/td><td class=\"column-3\">MAKSAJDA Kacper<\/td><td class=\"column-4\">2006<\/td><td class=\"column-5\">TP Skalar S\u0142upsk<\/td><td class=\"column-6\">11.gru.2022<\/td><td class=\"column-7\">Gorz\u00f3w Wlk<\/td>\n<\/tr>\n<tr class=\"row-15\">\n\t<td class=\"column-1\">50m<br \/>\nmotylkowy<\/td><td class=\"column-2\">0:23.10<\/td><td class=\"column-3\">SZYMCZYK Micha\u0142<\/td><td class=\"column-4\">2008<\/td><td class=\"column-5\">GOS Raszyn<\/td><td class=\"column-6\">14.gru.2024<\/td><td class=\"column-7\">Pozna\u0144<\/td>\n<\/tr>\n<tr class=\"row-16\">\n\t<td class=\"column-1\">100m<br \/>\nmotylkowy<\/td><td class=\"column-2\">0:51.90<\/td><td class=\"column-3\">STOKOWSKI Kacper<\/td><td class=\"column-4\">1999<\/td><td class=\"column-5\">UKS G-8 Bielany Warszawa<\/td><td class=\"column-6\">18.gru.2015<\/td><td class=\"column-7\">Lublin<\/td>\n<\/tr>\n<tr class=\"row-17\">\n\t<td class=\"column-1\">200m<br \/>\nmotylkowy<\/td><td class=\"column-2\">1:55.58<\/td><td class=\"column-3\">CHMIELEWSKI Krzysztof<\/td><td class=\"column-4\">2004<\/td><td class=\"column-5\">IUKS Muszelka Warszawa<\/td><td class=\"column-6\">19.gru.2020<\/td><td class=\"column-7\">Olsztyn<\/td>\n<\/tr>\n<tr class=\"row-18\">\n\t<td class=\"column-1\">100m<br \/>\nzmienny<\/td><td class=\"column-2\">0:55.19<\/td><td class=\"column-3\">URYNIUK Pawe\u0142<\/td><td class=\"column-4\">2003<\/td><td class=\"column-5\">UKS G-8 Bielany Warszawa<\/td><td class=\"column-6\">15.gru.2019<\/td><td class=\"column-7\">Lublin<\/td>\n<\/tr>\n<tr class=\"row-19\">\n\t<td class=\"column-1\">200m<br \/>\nzmienny<\/td><td class=\"column-2\">1:58.78<\/td><td class=\"column-3\">WIRASZKA Piotr<\/td><td class=\"column-4\">2009<\/td><td class=\"column-5\">UKS GIM-92 Ursyn\u00f3w Warszawa<\/td><td class=\"column-6\">13.12.2025<\/td><td class=\"column-7\">Gorz\u00f3w Wlkp<\/td>\n<\/tr>\n<tr class=\"row-20\">\n\t<td class=\"column-1\">400m<br \/>\nzmienny<\/td><td class=\"column-2\">4:12.62<\/td><td class=\"column-3\">W\u0104GROWSKI Marcel<\/td><td class=\"column-4\">1999<\/td><td class=\"column-5\">TP Olimpijczyk Aleksandr\u00f3w \u0141\u00f3dzki<\/td><td class=\"column-6\">18.gru.2015<\/td><td class=\"column-7\">Lublin<\/td>\n<\/tr>\n<tr class=\"row-21\">\n\t<td class=\"column-1\">Sztafety: KLUBOWE<\/td><td class=\"column-2\"><\/td><td class=\"column-3\"><\/td><td class=\"column-4\"><\/td><td class=\"column-5\"><\/td><td class=\"column-6\"><\/td><td class=\"column-7\"><\/td>\n<\/tr>\n<tr class=\"row-22\">\n\t<td class=\"column-1\">4x100m<br \/>\ndowolny<\/td><td class=\"column-2\">3:21.06<\/td><td class=\"column-3\">WIRASZKA Piotr<br \/>\nBLUJ Aleksander<br \/>\nSTAWICKI Mateusz<br \/>\nGRZESIK Franciszek<br \/>\n<\/td><td class=\"column-4\">2009<br \/>\n2009<br \/>\n2009<br \/>\n2009<\/td><td class=\"column-5\">UKS GIM 92 Ursyn\u00f3w Warszawa<\/td><td class=\"column-6\">12.gru.2025<\/td><td class=\"column-7\">Gorz\u00f3w Wlkp<\/td>\n<\/tr>\n<tr class=\"row-23\">\n\t<td class=\"column-1\">4x200m<br \/>\ndowolny<\/td><td class=\"column-2\">7:21.37<\/td><td class=\"column-3\">STAWICKI Mateusz<br \/>\nCHMURSKI Wiktor<br \/>\nBLUJ Aleksander<br \/>\nWIRASZKA Piotr<\/td><td class=\"column-4\">2009<br \/>\n2009<br \/>\n2009<br \/>\n2009<\/td><td class=\"column-5\">UKS GIM 92 Ursyn\u00f3w Warszawa<\/td><td class=\"column-6\">13.gru.2025<\/td><td class=\"column-7\">Gorz\u00f3w Wlkp.<\/td>\n<\/tr>\n<tr class=\"row-24\">\n\t<td class=\"column-1\">4x50m<br \/>\nzmienny<\/td><td class=\"column-2\">1:39.79<\/td><td class=\"column-3\">KAROLCZAK Jan<br \/>\nSOBIECKI Jakub<br \/>\nURYNIUK Pawe\u0142<br \/>\nORLICZ Filip<\/td><td class=\"column-4\">2001<br \/>\n2001<br \/>\n2003<br \/>\n2002<\/td><td class=\"column-5\">UKS G-8 Bielany Warszawa<\/td><td class=\"column-6\">19.gru.2017<\/td><td class=\"column-7\">\u0141\u00f3d\u017a<\/td>\n<\/tr>\n<tr class=\"row-25\">\n\t<td class=\"column-1\">4x100m<br \/>\nzmienny<\/td><td class=\"column-2\">3:41.53<\/td><td class=\"column-3\">KA\u017bMIERCZAK Kamil<br \/>\nPARZYNOWSKI Wojciech<br \/>\nW\u0104GROWSKI Marcel<br \/>\nCUKANOW Micha\u0142<\/td><td class=\"column-4\">1999<br \/>\n1999<br \/>\n1999<br \/>\n1999<\/td><td class=\"column-5\">TP Olimpijczyk Aleksandr\u00f3w \u0141\u00f3dzki<\/td><td class=\"column-6\">18.gru.2015<\/td><td class=\"column-7\">Lublin<\/td>\n<\/tr>\n<\/tbody>\n<\/table>\n<h2 id=\"tablepress-29-name\" class=\"tablepress-table-name tablepress-table-name-id-29\">p\u0142ywalnia 25m - M\u0118\u017bCZYZN - JUNIOR 16 lat<\/h2>\n<!-- #tablepress-29 from cache -->\n","protected":false},"excerpt":{"rendered":"","protected":false},"author":1,"featured_media":0,"parent":0,"menu_order":0,"comment_status":"closed","ping_status":"closed","template":"","meta":{"footnotes":""},"class_list":["post-326","page","type-page","status-publish","hentry"],"_links":{"self":[{"href":"http:\/\/porabik.pl\/komitet\/index.php?rest_route=\/wp\/v2\/pages\/326","targetHints":{"allow":["GET"]}}],"collection":[{"href":"http:\/\/porabik.pl\/komitet\/index.php?rest_route=\/wp\/v2\/pages"}],"about":[{"href":"http:\/\/porabik.pl\/komitet\/index.php?rest_route=\/wp\/v2\/types\/page"}],"author":[{"embeddable":true,"href":"http:\/\/porabik.pl\/komitet\/index.php?rest_route=\/wp\/v2\/users\/1"}],"replies":[{"embeddable":true,"href":"http:\/\/porabik.pl\/komitet\/index.php?rest_route=%2Fwp%2Fv2%2Fcomments&post=326"}],"version-history":[{"count":1,"href":"http:\/\/porabik.pl\/komitet\/index.php?rest_route=\/wp\/v2\/pages\/326\/revisions"}],"predecessor-version":[{"id":327,"href":"http:\/\/porabik.pl\/komitet\/index.php?rest_route=\/wp\/v2\/pages\/326\/revisions\/327"}],"wp:attachment":[{"href":"http:\/\/porabik.pl\/komitet\/index.php?rest_route=%2Fwp%2Fv2%2Fmedia&parent=326"}],"curies":[{"name":"wp","href":"https:\/\/api.w.org\/{rel}","templated":true}]}}