{"id":328,"date":"2017-02-17T10:12:06","date_gmt":"2017-02-17T10:12:06","guid":{"rendered":"http:\/\/porabik.pl\/komitet\/?page_id=328"},"modified":"2017-02-17T10:12:06","modified_gmt":"2017-02-17T10:12:06","slug":"plywalnia-25m-mezczyzn-juniorzy-15-lat","status":"publish","type":"page","link":"http:\/\/porabik.pl\/komitet\/?page_id=328","title":{"rendered":"p\u0142ywalnia 25m &#8211; M\u0118\u017bCZYZN &#8211; JUNIORZY 15 LAT"},"content":{"rendered":"<span id=\"tablepress-30-description\" class=\"tablepress-table-description tablepress-table-description-id-30\"><\/span>\n\n<table id=\"tablepress-30\" class=\"tablepress tablepress-id-30\" aria-labelledby=\"tablepress-30-name\" aria-describedby=\"tablepress-30-description\">\n<thead>\n<tr class=\"row-1\">\n\t<th class=\"column-1\">DYSTANS\/<br \/>\nSTYL<\/th><th class=\"column-2\">CZAS<\/th><th class=\"column-3\">NAZWISKO I IMI\u0118<\/th><th class=\"column-4\">ROK<br \/>\nURODZENIA<\/th><th class=\"column-5\">KLUB<\/th><th class=\"column-6\">DATA<br \/>\nREKORDU<\/th><th class=\"column-7\">MIEJSCE<br \/>\nREKORDU<\/th>\n<\/tr>\n<\/thead>\n<tbody class=\"row-striping row-hover\">\n<tr class=\"row-2\">\n\t<td class=\"column-1\">50m<br \/>\ndowolny<\/td><td class=\"column-2\">0:22.70<\/td><td class=\"column-3\">SZYMACHA Aleksy<\/td><td class=\"column-4\">2010<\/td><td class=\"column-5\">UKS SMS Galicja Krak\u00f3w<\/td><td class=\"column-6\">12.gru.2025<\/td><td class=\"column-7\">Bydgoszcz<\/td>\n<\/tr>\n<tr class=\"row-3\">\n\t<td class=\"column-1\">100m<br \/>\ndowolny<\/td><td class=\"column-2\">0:49.22<\/td><td class=\"column-3\">STAWICKI Mateusz<\/td><td class=\"column-4\">2009<\/td><td class=\"column-5\">UKS GIM 92 Ursyn\u00f3w Warszawa<\/td><td class=\"column-6\">15.gru.2024<\/td><td class=\"column-7\">Gliwice<\/td>\n<\/tr>\n<tr class=\"row-4\">\n\t<td class=\"column-1\">200m<br \/>\ndowolny<\/td><td class=\"column-2\">1:48.05<\/td><td class=\"column-3\">ZDYBEL Adam<\/td><td class=\"column-4\">2005<\/td><td class=\"column-5\">Delfin Gdynia<\/td><td class=\"column-6\">11.gru.2020<\/td><td class=\"column-7\">\u0141\u00f3d\u017a<\/td>\n<\/tr>\n<tr class=\"row-5\">\n\t<td class=\"column-1\">400m<br \/>\ndowolny<\/td><td class=\"column-2\">3:50.76<\/td><td class=\"column-3\">M\u0141YNARCZYK Karol<\/td><td class=\"column-4\">2000<\/td><td class=\"column-5\">UKS G-8 Bielany Warszawa<\/td><td class=\"column-6\">17.gru.2015<\/td><td class=\"column-7\">Lublin<\/td>\n<\/tr>\n<tr class=\"row-6\">\n\t<td class=\"column-1\">800m<br \/>\ndowolny<\/td><td class=\"column-2\">8:03.14<\/td><td class=\"column-3\">ZONIUK Maciej<\/td><td class=\"column-4\">1994<\/td><td class=\"column-5\">WKS \u015al\u0105sk Wroc\u0142aw<\/td><td class=\"column-6\">17.lis.2009<\/td><td class=\"column-7\">Gorz\u00f3w Wlkp<\/td>\n<\/tr>\n<tr class=\"row-7\">\n\t<td class=\"column-1\">1500m<br \/>\ndowolny<\/td><td class=\"column-2\">15:14.03<\/td><td class=\"column-3\">FILIPIAK Miko\u0142aj<\/td><td class=\"column-4\">2006<\/td><td class=\"column-5\">UKS \u017babianka Gda\u0144sk<\/td><td class=\"column-6\">12.gru.2021<\/td><td class=\"column-7\">Lublin<\/td>\n<\/tr>\n<tr class=\"row-8\">\n\t<td class=\"column-1\">50m<br \/>\ngrzbietowy<\/td><td class=\"column-2\">0:24.64<\/td><td class=\"column-3\">KOSI\u0143SKI Filip<\/td><td class=\"column-4\">2004<\/td><td class=\"column-5\">MUKS Olimpijczyk Suwa\u0142ki<\/td><td class=\"column-6\">14.gru.2019<\/td><td class=\"column-7\">Opole<\/td>\n<\/tr>\n<tr class=\"row-9\">\n\t<td class=\"column-1\">100m<br \/>\ngrzbietowy<\/td><td class=\"column-2\">0:52.35<\/td><td class=\"column-3\">KOSI\u0143SKI Filip<\/td><td class=\"column-4\">2004<\/td><td class=\"column-5\">MUKS Olimpijczyk Suwa\u0142ki<\/td><td class=\"column-6\">15.gru.2019<\/td><td class=\"column-7\">Opole<\/td>\n<\/tr>\n<tr class=\"row-10\">\n\t<td class=\"column-1\">200m<br \/>\ngrzbietowy<\/td><td class=\"column-2\">1:56.99<\/td><td class=\"column-3\">KOSI\u0143SKI Filip<\/td><td class=\"column-4\">2004<\/td><td class=\"column-5\">MUKS Olimpijczyk Suwa\u0142ki<\/td><td class=\"column-6\">23.lis.2019<\/td><td class=\"column-7\">Pozna\u0144<\/td>\n<\/tr>\n<tr class=\"row-11\">\n\t<td class=\"column-1\">50m<br \/>\nklasyczny<\/td><td class=\"column-2\">0:28.28<\/td><td class=\"column-3\">TOKARSKI Szymon<\/td><td class=\"column-4\">2010<\/td><td class=\"column-5\">UKP Unia O\u015bwi\u0119cim<\/td><td class=\"column-6\">12.gru.2025<\/td><td class=\"column-7\">Bydgoszcz<\/td>\n<\/tr>\n<tr class=\"row-12\">\n\t<td class=\"column-1\">100m<br \/>\nklasyczny<\/td><td class=\"column-2\">1:01.29<\/td><td class=\"column-3\">JUREKO Marcel<\/td><td class=\"column-4\">2008<\/td><td class=\"column-5\">UKP Jedynka Elbl\u0105g<\/td><td class=\"column-6\">09.gru.2023<\/td><td class=\"column-7\">Gliwice<\/td>\n<\/tr>\n<tr class=\"row-13\">\n\t<td class=\"column-1\">200m<br \/>\nklasyczny<\/td><td class=\"column-2\">2:12.63<\/td><td class=\"column-3\">SIEMI\u0143SKI Piotr<\/td><td class=\"column-4\">2000<\/td><td class=\"column-5\">UKS \u017boliborz Warszawa<\/td><td class=\"column-6\">21.lis.2015<\/td><td class=\"column-7\">Pozna\u0144<\/td>\n<\/tr>\n<tr class=\"row-14\">\n\t<td class=\"column-1\">50m<br \/>\nmotylkowy<\/td><td class=\"column-2\">0:23.80<\/td><td class=\"column-3\">SZYMCZYK Micha\u0142<\/td><td class=\"column-4\">2008<\/td><td class=\"column-5\">UKS GOS Raszyn<\/td><td class=\"column-6\">09.gru.2023<\/td><td class=\"column-7\">Gliwice<\/td>\n<\/tr>\n<tr class=\"row-15\">\n\t<td class=\"column-1\">100m<br \/>\nmotylkowy<\/td><td class=\"column-2\">0:53.37<\/td><td class=\"column-3\">J\u00d3\u0179WIAK Tymoteusz<\/td><td class=\"column-4\">2009<\/td><td class=\"column-5\">Stowarzyszenie \"GREENS\" S\u0142upno<\/td><td class=\"column-6\">08.gru.2023<\/td><td class=\"column-7\">Gliwice<\/td>\n<\/tr>\n<tr class=\"row-16\">\n\t<td class=\"column-1\">200m<br \/>\nmotylkowy<\/td><td class=\"column-2\">1:58.61<\/td><td class=\"column-3\">J\u00d3\u0179WIAK Tymoteusz<\/td><td class=\"column-4\">2009<\/td><td class=\"column-5\">Stowarzyszenie \"GREENS\" S\u0142upno<\/td><td class=\"column-6\">10.gru.2023<\/td><td class=\"column-7\">Gliwice<\/td>\n<\/tr>\n<tr class=\"row-17\">\n\t<td class=\"column-1\">100m<br \/>\nzmienny<\/td><td class=\"column-2\">0:56.08<\/td><td class=\"column-3\">SZYMACHA Aleksy<\/td><td class=\"column-4\">2010<\/td><td class=\"column-5\">UKS SMS Galicja Krak\u00f3w<\/td><td class=\"column-6\">14.gru.2025<\/td><td class=\"column-7\">Bydgoszcz<\/td>\n<\/tr>\n<tr class=\"row-18\">\n\t<td class=\"column-1\">200m<br \/>\nzmienny<\/td><td class=\"column-2\">2:02.12<\/td><td class=\"column-3\">POPIEL Miko\u0142aj<\/td><td class=\"column-4\">2006<\/td><td class=\"column-5\">SP Meduza Paj\u0119czno<\/td><td class=\"column-6\">11.gru.2021<\/td><td class=\"column-7\">Lublin<\/td>\n<\/tr>\n<tr class=\"row-19\">\n\t<td class=\"column-1\">400m<br \/>\nzmienny<\/td><td class=\"column-2\">4:21.65<\/td><td class=\"column-3\">MI\u0141KOWSKI Miko\u0142aj<\/td><td class=\"column-4\">2007<\/td><td class=\"column-5\">UKS 48 Warszawa \u015ar\u00f3dmie\u015bcie<\/td><td class=\"column-6\">09.gru.2022<\/td><td class=\"column-7\">Gliwice<\/td>\n<\/tr>\n<tr class=\"row-20\">\n\t<td class=\"column-1\">Sztafety: KLUBOWE<\/td><td class=\"column-2\"><\/td><td class=\"column-3\"><\/td><td class=\"column-4\"><\/td><td class=\"column-5\"><\/td><td class=\"column-6\"><\/td><td class=\"column-7\"><\/td>\n<\/tr>\n<tr class=\"row-21\">\n\t<td class=\"column-1\">4x100m<br \/>\ndowolny<\/td><td class=\"column-2\">3:22.55<br \/>\n<\/td><td class=\"column-3\">STAWICKI Mateusz<br \/>\nBLUJ Aleksander<br \/>\nGRZESIK Franciszek<br \/>\nWIRASZKA Piotr<\/td><td class=\"column-4\">2009<br \/>\n2009<br \/>\n2009<br \/>\n2009<\/td><td class=\"column-5\">UKS GIM-92 Ursyn\u00f3w Warszawa<\/td><td class=\"column-6\">14.gru.2024<\/td><td class=\"column-7\">Gliwice<\/td>\n<\/tr>\n<tr class=\"row-22\">\n\t<td class=\"column-1\">4x200m<br \/>\ndowolny<\/td><td class=\"column-2\">7:26.50<\/td><td class=\"column-3\">WIRASZKA Piotr<br \/>\nBLUJ Aleksander<br \/>\nSTAWICKI Mateusz<br \/>\nGRZESIK Franciszek<\/td><td class=\"column-4\">2009<br \/>\n2009<br \/>\n2009<br \/>\n2009<\/td><td class=\"column-5\">UKS GIM-92 Ursyn\u00f3w Warszawa<\/td><td class=\"column-6\">19.gru.2024<\/td><td class=\"column-7\">Bydgoszcz<\/td>\n<\/tr>\n<tr class=\"row-23\">\n\t<td class=\"column-1\">4x50m<br \/>\nzmienny<\/td><td class=\"column-2\">1:42.55<\/td><td class=\"column-3\">KAROLCZAK Jan<br \/>\nSOBIECKI Jakub<br \/>\nWARDAWA Filip<br \/>\nORLICZ Filip<\/td><td class=\"column-4\">2001<br \/>\n2001<br \/>\n2001<br \/>\n2002<\/td><td class=\"column-5\">UKS G-8 Bielany Warszawa<\/td><td class=\"column-6\">18.gru.2016<\/td><td class=\"column-7\">Olsztyn<\/td>\n<\/tr>\n<tr class=\"row-24\">\n\t<td class=\"column-1\">4x100m<br \/>\nzmienny<\/td><td class=\"column-2\">3:45.25<\/td><td class=\"column-3\">STAWICKI Mateusz<br \/>\nPOWIERZA Arkadiusz<br \/>\nGRZESIK Franciszek<br \/>\nBLUJ Aleksander<\/td><td class=\"column-4\">2009<br \/>\n2009<br \/>\n2009<br \/>\n2009<\/td><td class=\"column-5\">UKS GIM-92 Ursyn\u00f3w Warszawa<\/td><td class=\"column-6\">15.gru.2024<\/td><td class=\"column-7\">Gliwice<\/td>\n<\/tr>\n<\/tbody>\n<\/table>\n<h2 id=\"tablepress-30-name\" class=\"tablepress-table-name tablepress-table-name-id-30\">p\u0142ywalnia 25m - M\u0118\u017bCZYZN - JUNIOR 15 lat<\/h2>\n\n","protected":false},"excerpt":{"rendered":"","protected":false},"author":1,"featured_media":0,"parent":0,"menu_order":0,"comment_status":"closed","ping_status":"closed","template":"","meta":{"footnotes":""},"class_list":["post-328","page","type-page","status-publish","hentry"],"_links":{"self":[{"href":"http:\/\/porabik.pl\/komitet\/index.php?rest_route=\/wp\/v2\/pages\/328","targetHints":{"allow":["GET"]}}],"collection":[{"href":"http:\/\/porabik.pl\/komitet\/index.php?rest_route=\/wp\/v2\/pages"}],"about":[{"href":"http:\/\/porabik.pl\/komitet\/index.php?rest_route=\/wp\/v2\/types\/page"}],"author":[{"embeddable":true,"href":"http:\/\/porabik.pl\/komitet\/index.php?rest_route=\/wp\/v2\/users\/1"}],"replies":[{"embeddable":true,"href":"http:\/\/porabik.pl\/komitet\/index.php?rest_route=%2Fwp%2Fv2%2Fcomments&post=328"}],"version-history":[{"count":1,"href":"http:\/\/porabik.pl\/komitet\/index.php?rest_route=\/wp\/v2\/pages\/328\/revisions"}],"predecessor-version":[{"id":329,"href":"http:\/\/porabik.pl\/komitet\/index.php?rest_route=\/wp\/v2\/pages\/328\/revisions\/329"}],"wp:attachment":[{"href":"http:\/\/porabik.pl\/komitet\/index.php?rest_route=%2Fwp%2Fv2%2Fmedia&parent=328"}],"curies":[{"name":"wp","href":"https:\/\/api.w.org\/{rel}","templated":true}]}}