{"id":350,"date":"2017-02-18T16:17:53","date_gmt":"2017-02-18T16:17:53","guid":{"rendered":"http:\/\/porabik.pl\/komitet\/?page_id=350"},"modified":"2017-02-18T16:17:53","modified_gmt":"2017-02-18T16:17:53","slug":"plywalnia-50m-mezczyzn-juniorzy-17-lat","status":"publish","type":"page","link":"http:\/\/porabik.pl\/komitet\/?page_id=350","title":{"rendered":"p\u0142ywalnia 50m &#8211; M\u0118\u017bCZYZN &#8211; JUNIORZY 17 LAT"},"content":{"rendered":"<span id=\"tablepress-37-description\" class=\"tablepress-table-description tablepress-table-description-id-37\"><\/span>\n\n<table id=\"tablepress-37\" class=\"tablepress tablepress-id-37\" aria-labelledby=\"tablepress-37-name\" aria-describedby=\"tablepress-37-description\">\n<thead>\n<tr class=\"row-1\">\n\t<th class=\"column-1\">DYSTANS\/<br \/>\nSTYL<\/th><th class=\"column-2\">CZAS<\/th><th class=\"column-3\">NAZWISKO I IMI\u0118<\/th><th class=\"column-4\">ROK<br \/>\nURODZENIA<\/th><th class=\"column-5\">KLUB<\/th><th class=\"column-6\">DATA<br \/>\nREKORDU<\/th><th class=\"column-7\">MIEJSCE<br \/>\nREKORDU<\/th>\n<\/tr>\n<\/thead>\n<tbody class=\"row-striping row-hover\">\n<tr class=\"row-2\">\n\t<td class=\"column-1\">50m<br \/>\ndowolny<\/td><td class=\"column-2\">0:22.69<\/td><td class=\"column-3\">HO\u0141UB Jan<\/td><td class=\"column-4\">1996<\/td><td class=\"column-5\">SKP Avia \u015awidnik<\/td><td class=\"column-6\">29.sie.2013<\/td><td class=\"column-7\">Dubaj UEA<\/td>\n<\/tr>\n<tr class=\"row-3\">\n\t<td class=\"column-1\">100m<br \/>\ndowolny<\/td><td class=\"column-2\">0:49.35<\/td><td class=\"column-3\">KRASKA Jakub<\/td><td class=\"column-4\">2000<\/td><td class=\"column-5\">Pi\u0105tka Konstantyn\u00f3w \u0141\u00f3dzki<\/td><td class=\"column-6\">30.cze.2017<\/td><td class=\"column-7\">Netanya (ISR)<\/td>\n<\/tr>\n<tr class=\"row-4\">\n\t<td class=\"column-1\">200m<br \/>\ndowolny<\/td><td class=\"column-2\">1:48.51<\/td><td class=\"column-3\">STOKOWSKI Kacper<\/td><td class=\"column-4\">1999<\/td><td class=\"column-5\">UKS G-8 Bielany Warszawa<\/td><td class=\"column-6\">17.lip.2016<\/td><td class=\"column-7\">Hodmezovasaehely HUN<\/td>\n<\/tr>\n<tr class=\"row-5\">\n\t<td class=\"column-1\">400m<br \/>\ndowolny<\/td><td class=\"column-2\">3:51.80<\/td><td class=\"column-3\">WOJDAK Wojciech<\/td><td class=\"column-4\">1996<\/td><td class=\"column-5\">BOSiR Brzesko<\/td><td class=\"column-6\">10.lip.2013<\/td><td class=\"column-7\">Pozna\u0144<\/td>\n<\/tr>\n<tr class=\"row-6\">\n\t<td class=\"column-1\">800m<br \/>\ndowolny<\/td><td class=\"column-2\">8:01.28<\/td><td class=\"column-3\">WOJDAK Wojciech<\/td><td class=\"column-4\">1996<\/td><td class=\"column-5\">BOSiR Brzesko<\/td><td class=\"column-6\">13.lip.2013<\/td><td class=\"column-7\">Pozna\u0144<\/td>\n<\/tr>\n<tr class=\"row-7\">\n\t<td class=\"column-1\">1500m<br \/>\ndowolny<\/td><td class=\"column-2\">15:11.93<\/td><td class=\"column-3\">HRENIAK Maciej<\/td><td class=\"column-4\">1989<\/td><td class=\"column-5\">UKS Ruch Grudzi\u0105dz<\/td><td class=\"column-6\">06.lip.2006<\/td><td class=\"column-7\">Palma de Mallorca ESP<\/td>\n<\/tr>\n<tr class=\"row-8\">\n\t<td class=\"column-1\">50m<br \/>\ngrzbietowy<\/td><td class=\"column-2\">0:25.05<\/td><td class=\"column-3\">MASIUK Ksawery<\/td><td class=\"column-4\">2004<\/td><td class=\"column-5\">UKS G-8 Bielany Warszawa<\/td><td class=\"column-6\">17.maj.2021<\/td><td class=\"column-7\">Budapeszt (HUN)<\/td>\n<\/tr>\n<tr class=\"row-9\">\n\t<td class=\"column-1\">100m<br \/>\ngrzbietowy<\/td><td class=\"column-2\">0:53.91<\/td><td class=\"column-3\">MASIUK Ksawery<\/td><td class=\"column-4\">2004<\/td><td class=\"column-5\">UKS G-8 Bielany Warszawa<\/td><td class=\"column-6\">07.lip.2021<\/td><td class=\"column-7\">Rzym ITA<\/td>\n<\/tr>\n<tr class=\"row-10\">\n\t<td class=\"column-1\">200m<br \/>\ngrzbietowy<\/td><td class=\"column-2\">1:58.41<\/td><td class=\"column-3\">MASIUK Ksawery<\/td><td class=\"column-4\">2004<\/td><td class=\"column-5\">UKS G-8 Bielany Warszawa<\/td><td class=\"column-6\">11.lip.2021<\/td><td class=\"column-7\">Rzym ITA<\/td>\n<\/tr>\n<tr class=\"row-11\">\n\t<td class=\"column-1\">50m<br \/>\nklasyczny<\/td><td class=\"column-2\">0:28.07<\/td><td class=\"column-3\">KRACZKOWSKI Tomasz<\/td><td class=\"column-4\">2004<\/td><td class=\"column-5\">Swimland Olsztyn<\/td><td class=\"column-6\">27.mar.2021<\/td><td class=\"column-7\">Lublin<\/td>\n<\/tr>\n<tr class=\"row-12\">\n\t<td class=\"column-1\">100m<br \/>\nklasyczny<\/td><td class=\"column-2\">1:01.63<\/td><td class=\"column-3\">GAJDA Jan<\/td><td class=\"column-4\">2007<\/td><td class=\"column-5\">MKS Tr\u00f3jka \u0141\u00f3d\u017a<\/td><td class=\"column-6\">07.lip.2024<\/td><td class=\"column-7\">Wilno LTU<\/td>\n<\/tr>\n<tr class=\"row-13\">\n\t<td class=\"column-1\">200m<br \/>\nklasyczny<\/td><td class=\"column-2\">2:14.13<\/td><td class=\"column-3\">KUSTO Rafa\u0142<\/td><td class=\"column-4\">1999<\/td><td class=\"column-5\">UKS Orka Luba\u0144<\/td><td class=\"column-6\">29.maj.2016<\/td><td class=\"column-7\">Szczecin<\/td>\n<\/tr>\n<tr class=\"row-14\">\n\t<td class=\"column-1\">50m<br \/>\nmotylkowy<\/td><td class=\"column-2\">0:23.95<\/td><td class=\"column-3\">CZAPLA Kacper<\/td><td class=\"column-4\">2004<\/td><td class=\"column-5\">IUKS Wodnik Police<\/td><td class=\"column-6\">30.kwi.2021<\/td><td class=\"column-7\">Lublin<\/td>\n<\/tr>\n<tr class=\"row-15\">\n\t<td class=\"column-1\">100m<br \/>\nmotylkowy<\/td><td class=\"column-2\">0:52.69<\/td><td class=\"column-3\">MASIUK Ksawery<\/td><td class=\"column-4\">2004<\/td><td class=\"column-5\">UKS G-8 Bielany Warszawa<\/td><td class=\"column-6\">28.kwie.2021<\/td><td class=\"column-7\">Lublin<\/td>\n<\/tr>\n<tr class=\"row-16\">\n\t<td class=\"column-1\">200m<br \/>\nmotylkowy<\/td><td class=\"column-2\">1:55.29<\/td><td class=\"column-3\">CHMIELEWSKI Krzysztof<\/td><td class=\"column-4\">2004<\/td><td class=\"column-5\">IUKS Muszelka Warszawa<\/td><td class=\"column-6\">27.lip.2021<\/td><td class=\"column-7\">Tokyo JAP<\/td>\n<\/tr>\n<tr class=\"row-17\">\n\t<td class=\"column-1\">200m<br \/>\nzmienny<\/td><td class=\"column-2\">2:03.39<\/td><td class=\"column-3\">MAJOR Eryk<br \/>\n<br \/>\nRADZIKOWSKI Szymon<\/td><td class=\"column-4\">2007<br \/>\n<br \/>\n2008<\/td><td class=\"column-5\">MKS Park wodny Tarnowskie G\u00f3ry<br \/>\nWKS \u015al\u0105sk Wroc\u0142aw<\/td><td class=\"column-6\">13.lip.2024<br \/>\n<br \/>\n19.lip.2025<\/td><td class=\"column-7\">Olsztyn<br \/>\n<br \/>\nO\u015bwi\u0119cim<\/td>\n<\/tr>\n<tr class=\"row-18\">\n\t<td class=\"column-1\">400m<br \/>\nzmienny<\/td><td class=\"column-2\">4:20.27<\/td><td class=\"column-3\">MATCZAK Mateusz<\/td><td class=\"column-4\">1989<\/td><td class=\"column-5\">MKS Tr\u00f3jka \u0141\u00f3d\u017a<\/td><td class=\"column-6\">06.lip.2006<\/td><td class=\"column-7\">Palma de Mallorca ESP<\/td>\n<\/tr>\n<tr class=\"row-19\">\n\t<td class=\"column-1\"><strong>Sztafety: KLUBOWE<\/strong><\/td><td class=\"column-2\"><\/td><td class=\"column-3\"><\/td><td class=\"column-4\"><\/td><td class=\"column-5\"><\/td><td class=\"column-6\"><\/td><td class=\"column-7\"><\/td>\n<\/tr>\n<tr class=\"row-20\">\n\t<td class=\"column-1\">4x100m<br \/>\ndowolny<\/td><td class=\"column-2\">3:28.40<\/td><td class=\"column-3\">BOGULSKI Bart\u0142omiej<br \/>\nWERNER Pawe\u0142<br \/>\nSOBO\u0143 Julian<br \/>\nBENING Emil<\/td><td class=\"column-4\">1992<br \/>\n1993<br \/>\n1992<br \/>\n1993<\/td><td class=\"column-5\">MKS Juvenia Wroc\u0142aw<\/td><td class=\"column-6\">22.maj.2009<\/td><td class=\"column-7\">Ostrowiec \u015aw<\/td>\n<\/tr>\n<tr class=\"row-21\">\n\t<td class=\"column-1\">4x200m<br \/>\ndowolny<\/td><td class=\"column-2\">7:36.19<\/td><td class=\"column-3\">WIRASZKA Piotr<br \/>\nSTAWICKI Mateusz<br \/>\nBLUJ Aleksander<br \/>\nCHMURSKI Wiktor<\/td><td class=\"column-4\">2009<br \/>\n2009<br \/>\n2009<br \/>\n2009<\/td><td class=\"column-5\">UKS GIM 92 Ursyn\u00f3w Warszawa<\/td><td class=\"column-6\">28.kwi.2025<\/td><td class=\"column-7\">Lublin<\/td>\n<\/tr>\n<tr class=\"row-22\">\n\t<td class=\"column-1\">4x100m<br \/>\nzmienny<\/td><td class=\"column-2\">3:46.88<\/td><td class=\"column-3\">URBANIAK Oliwier<br \/>\nGAJDA Jan<br \/>\nPI\u0104TKIEWICZ Piotr<br \/>\nSELDER Krystian<\/td><td class=\"column-4\">2007<br \/>\n2007<br \/>\n2007<br \/>\n2007<\/td><td class=\"column-5\">MKS Tr\u00f3jka \u0141\u00f3d\u017a<\/td><td class=\"column-6\">14.lip.2024<\/td><td class=\"column-7\">Olsztyn<\/td>\n<\/tr>\n<tr class=\"row-23\">\n\t<td class=\"column-1\"><strong>Sztafety: REPREZENTACJI<\/strong><\/td><td class=\"column-2\"><\/td><td class=\"column-3\"><\/td><td class=\"column-4\"><\/td><td class=\"column-5\"><\/td><td class=\"column-6\"><\/td><td class=\"column-7\"><\/td>\n<\/tr>\n<tr class=\"row-24\">\n\t<td class=\"column-1\">4x100m dowolny<\/td><td class=\"column-2\">3:21.10<\/td><td class=\"column-3\">OSTROWSKI Karol<br \/>\nKRASKA Jakub<br \/>\nPISZCZOROWICZ Bartosz<br \/>\nSTOKOWSKI Kacper<\/td><td class=\"column-4\">1999<br \/>\n2000<br \/>\n1999<br \/>\n1999<\/td><td class=\"column-5\">MKP Szczecin<br \/>\nUKS 5tka Konstantyn\u00f3w \u0141\u00f3dz.<br \/>\nKKS W\u0142\u00f3kniarz 1925 Kalisz<br \/>\nUKS G-8 Bielany Warszawa<\/td><td class=\"column-6\">06.lip.2016<\/td><td class=\"column-7\">Hodmezovasaehely HUN<\/td>\n<\/tr>\n<tr class=\"row-25\">\n\t<td class=\"column-1\">4x200m dowolny<\/td><td class=\"column-2\">7:38.27<\/td><td class=\"column-3\">WERNER Pawe\u0142<br \/>\nBOGULSKI Bart\u0142omiej<br \/>\n\u0141UCZAK Piotr<br \/>\nKWIATKOWSKI Przemys\u0142aw<br \/>\n<\/td><td class=\"column-4\">1993<br \/>\n1992<br \/>\n1992<br \/>\n1992<\/td><td class=\"column-5\">MKS Juvenia Wroc\u0142aw<br \/>\nMKS Juvenia Wroc\u0142aw<br \/>\nAZS AWF Katowice<br \/>\nMKS Tr\u00f3jka \u0141\u00f3d\u017a<\/td><td class=\"column-6\">06.gru.2008<\/td><td class=\"column-7\">Praga CZE<\/td>\n<\/tr>\n<tr class=\"row-26\">\n\t<td class=\"column-1\">4x100m zmienny<\/td><td class=\"column-2\">3:43.90<\/td><td class=\"column-3\">URBANIAK Oliwier<br \/>\nGAJDA Jan<br \/>\nDWORAKOWSKI B\u0142a\u017cej<br \/>\nPIETRO\u0143 Przemys\u0142aw<\/td><td class=\"column-4\">2007<br \/>\n2007<br \/>\n2007<br \/>\n2007<\/td><td class=\"column-5\">MKS Tr\u00f3jka \u0141\u00f3d\u017a <br \/>\nMKS Tr\u00f3jka \u0141\u00f3d\u017a<br \/>\nKS Delfin Gdynia<br \/>\nAZS UMCS Lublin<\/td><td class=\"column-6\">07.lip.2024<\/td><td class=\"column-7\">Wilno LTU<\/td>\n<\/tr>\n<\/tbody>\n<\/table>\n<h2 id=\"tablepress-37-name\" class=\"tablepress-table-name tablepress-table-name-id-37\">p\u0142ywalnia 50m - M\u0118\u017bCZYZN - JUNIOR 17 lat<\/h2>\n<!-- #tablepress-37 from cache -->\n","protected":false},"excerpt":{"rendered":"","protected":false},"author":1,"featured_media":0,"parent":0,"menu_order":0,"comment_status":"closed","ping_status":"closed","template":"","meta":{"footnotes":""},"class_list":["post-350","page","type-page","status-publish","hentry"],"_links":{"self":[{"href":"http:\/\/porabik.pl\/komitet\/index.php?rest_route=\/wp\/v2\/pages\/350","targetHints":{"allow":["GET"]}}],"collection":[{"href":"http:\/\/porabik.pl\/komitet\/index.php?rest_route=\/wp\/v2\/pages"}],"about":[{"href":"http:\/\/porabik.pl\/komitet\/index.php?rest_route=\/wp\/v2\/types\/page"}],"author":[{"embeddable":true,"href":"http:\/\/porabik.pl\/komitet\/index.php?rest_route=\/wp\/v2\/users\/1"}],"replies":[{"embeddable":true,"href":"http:\/\/porabik.pl\/komitet\/index.php?rest_route=%2Fwp%2Fv2%2Fcomments&post=350"}],"version-history":[{"count":1,"href":"http:\/\/porabik.pl\/komitet\/index.php?rest_route=\/wp\/v2\/pages\/350\/revisions"}],"predecessor-version":[{"id":351,"href":"http:\/\/porabik.pl\/komitet\/index.php?rest_route=\/wp\/v2\/pages\/350\/revisions\/351"}],"wp:attachment":[{"href":"http:\/\/porabik.pl\/komitet\/index.php?rest_route=%2Fwp%2Fv2%2Fmedia&parent=350"}],"curies":[{"name":"wp","href":"https:\/\/api.w.org\/{rel}","templated":true}]}}