{"id":359,"date":"2017-02-18T16:22:15","date_gmt":"2017-02-18T16:22:15","guid":{"rendered":"http:\/\/porabik.pl\/komitet\/?page_id=359"},"modified":"2017-02-18T16:22:15","modified_gmt":"2017-02-18T16:22:15","slug":"plywanie-50m-mezczyzn-juniorzy-14-lat","status":"publish","type":"page","link":"http:\/\/porabik.pl\/komitet\/?page_id=359","title":{"rendered":"p\u0142ywanie &#8211; 50m &#8211; M\u0118\u017bCZYZN &#8211; JUNIORZY 14 LAT"},"content":{"rendered":"<span id=\"tablepress-40-description\" class=\"tablepress-table-description tablepress-table-description-id-40\"><\/span>\n\n<table id=\"tablepress-40\" class=\"tablepress tablepress-id-40\" aria-labelledby=\"tablepress-40-name\" aria-describedby=\"tablepress-40-description\">\n<thead>\n<tr class=\"row-1\">\n\t<th class=\"column-1\">DYSTANS\/<br \/>\nSTYL<\/th><th class=\"column-2\">CZAS<\/th><th class=\"column-3\">NAZWISKO I IMI\u0118<\/th><th class=\"column-4\">ROK<br \/>\nURODZENIA<\/th><th class=\"column-5\">KLUB<\/th><th class=\"column-6\">DATA<br \/>\nREKORDU<\/th><th class=\"column-7\">MIEJSCE<br \/>\nREKORDU<\/th>\n<\/tr>\n<\/thead>\n<tbody class=\"row-striping row-hover\">\n<tr class=\"row-2\">\n\t<td class=\"column-1\">50m<br \/>\ndowolny<\/td><td class=\"column-2\">0:24.08<\/td><td class=\"column-3\">STAWICKI Mateusz<\/td><td class=\"column-4\">2009<\/td><td class=\"column-5\">UKS GIM 92 Ursyn\u00f3w Warszawa<\/td><td class=\"column-6\">26.lis.2023<\/td><td class=\"column-7\">Kranj SLO<\/td>\n<\/tr>\n<tr class=\"row-3\">\n\t<td class=\"column-1\">100m<br \/>\ndowolny<\/td><td class=\"column-2\">0:51.92<\/td><td class=\"column-3\">STAWICKI Mateusz<\/td><td class=\"column-4\">2009<\/td><td class=\"column-5\">UKS GIM 92 Ursyn\u00f3w Warszawa<\/td><td class=\"column-6\">26.lis.2023<\/td><td class=\"column-7\">Kranj SLO<\/td>\n<\/tr>\n<tr class=\"row-4\">\n\t<td class=\"column-1\">200m<br \/>\ndowolny<\/td><td class=\"column-2\">1:54.22<\/td><td class=\"column-3\">STAWICKI Mateusz<\/td><td class=\"column-4\">2009<\/td><td class=\"column-5\">UKS GIM 92 Ursyn\u00f3w Warszawa<\/td><td class=\"column-6\">26.lis.2023<\/td><td class=\"column-7\">Kranj SLO<\/td>\n<\/tr>\n<tr class=\"row-5\">\n\t<td class=\"column-1\">400m<br \/>\ndowolny<\/td><td class=\"column-2\">4:06.35<\/td><td class=\"column-3\">WISZNIOWSKI Tymoteusz<\/td><td class=\"column-4\">2010<\/td><td class=\"column-5\">LKS Jedno\u015b\u0107 32 Przyszowice<\/td><td class=\"column-6\">06.lip.2024<\/td><td class=\"column-7\">Ostrowiec \u015aw.<\/td>\n<\/tr>\n<tr class=\"row-6\">\n\t<td class=\"column-1\">800m<br \/>\ndowolny<\/td><td class=\"column-2\">8:31.74<\/td><td class=\"column-3\">LARY\u015a Jerzy<\/td><td class=\"column-4\">2006<\/td><td class=\"column-5\">IUKS Muszelka Warszawa<\/td><td class=\"column-6\">05.wrz.2020<\/td><td class=\"column-7\">Lublin<\/td>\n<\/tr>\n<tr class=\"row-7\">\n\t<td class=\"column-1\">1500m<br \/>\ndowolny<\/td><td class=\"column-2\">16:09.47<\/td><td class=\"column-3\">LARY\u015a Jerzy<\/td><td class=\"column-4\">2006<\/td><td class=\"column-5\">IUKS Muszelka Warszawa<\/td><td class=\"column-6\">20.wrz.2020<\/td><td class=\"column-7\">Lublin<\/td>\n<\/tr>\n<tr class=\"row-8\">\n\t<td class=\"column-1\">50m<br \/>\ngrzbietowy<\/td><td class=\"column-2\">0:27.54<\/td><td class=\"column-3\">STAWICKI Mateusz<\/td><td class=\"column-4\">2009<\/td><td class=\"column-5\">UKS GIM 92 Ursyn\u00f3w Warszawa<\/td><td class=\"column-6\">08.lip.2023<\/td><td class=\"column-7\">Ostrowiec \u015aw.<\/td>\n<\/tr>\n<tr class=\"row-9\">\n\t<td class=\"column-1\">100m<br \/>\ngrzbietowy<\/td><td class=\"column-2\">0:59.12<\/td><td class=\"column-3\">GORAJ Marcin<\/td><td class=\"column-4\">2001<\/td><td class=\"column-5\">UKS SMS Galicja Krak\u00f3w<\/td><td class=\"column-6\">05.lip.2015<\/td><td class=\"column-7\">Olsztyn<\/td>\n<\/tr>\n<tr class=\"row-10\">\n\t<td class=\"column-1\">200m<br \/>\ngrzbietowy<\/td><td class=\"column-2\">2:09.09<\/td><td class=\"column-3\">ZGODA Szymon<\/td><td class=\"column-4\">2008<\/td><td class=\"column-5\">MKS Jagiellonka Warszawa<\/td><td class=\"column-6\">08.lip.2022<\/td><td class=\"column-7\">Olsztyn<\/td>\n<\/tr>\n<tr class=\"row-11\">\n\t<td class=\"column-1\">50m<br \/>\nklasyczny<\/td><td class=\"column-2\">0:30.03<\/td><td class=\"column-3\">GR\u0118DZIAK Kacper<\/td><td class=\"column-4\">2011<\/td><td class=\"column-5\">MKS Park Wodny Tarnowskie G\u00f3ry<\/td><td class=\"column-6\">11.lip.2025<\/td><td class=\"column-7\">Olsztyn<\/td>\n<\/tr>\n<tr class=\"row-12\">\n\t<td class=\"column-1\">100m<br \/>\nklasyczny<\/td><td class=\"column-2\">1:05.04<\/td><td class=\"column-3\">GR\u0118DZIAK Kacper<\/td><td class=\"column-4\">2011<\/td><td class=\"column-5\">MKS Park Wodny Tarnowskie G\u00f3ry<\/td><td class=\"column-6\">29.lis.2025<\/td><td class=\"column-7\">Sopron HUN<\/td>\n<\/tr>\n<tr class=\"row-13\">\n\t<td class=\"column-1\">200m<br \/>\nklasyczny<\/td><td class=\"column-2\">2:23.52<\/td><td class=\"column-3\">GR\u0118DZIAK Kacper<\/td><td class=\"column-4\">2011<\/td><td class=\"column-5\">MKS Park Wodny Tarnowskie G\u00f3ry<\/td><td class=\"column-6\">30.lis.2025<\/td><td class=\"column-7\">Sopron HUN<\/td>\n<\/tr>\n<tr class=\"row-14\">\n\t<td class=\"column-1\">50m<br \/>\nmotylkowy<\/td><td class=\"column-2\">0:25.21<\/td><td class=\"column-3\">BRZ\u00d3SKA Jan<\/td><td class=\"column-4\">2006<\/td><td class=\"column-5\">UKS G-8 Bielany Warszawa<\/td><td class=\"column-6\">04.gru.2020<\/td><td class=\"column-7\">Warszawa<\/td>\n<\/tr>\n<tr class=\"row-15\">\n\t<td class=\"column-1\">100m<br \/>\nmotylkowy<\/td><td class=\"column-2\">0:57.04<\/td><td class=\"column-3\">URYNIUK Pawe\u0142<\/td><td class=\"column-4\">2003<\/td><td class=\"column-5\">UKS G-8 Bielany Warszawa<\/td><td class=\"column-6\">01.gru.2017<\/td><td class=\"column-7\">Warszawa<\/td>\n<\/tr>\n<tr class=\"row-16\">\n\t<td class=\"column-1\">200m<br \/>\nmotylkowy<\/td><td class=\"column-2\">2:06.79<\/td><td class=\"column-3\">URYNIUK Pawe\u0142<\/td><td class=\"column-4\">2003<\/td><td class=\"column-5\">UKS G-8 Bielany Warszawa<\/td><td class=\"column-6\">01.gru.2017<\/td><td class=\"column-7\">Warszawa<\/td>\n<\/tr>\n<tr class=\"row-17\">\n\t<td class=\"column-1\">200m<br \/>\nzmienny<\/td><td class=\"column-2\">2:10.72<\/td><td class=\"column-3\">WIRASZKA Piotr<\/td><td class=\"column-4\">2009<\/td><td class=\"column-5\">UKS GIM 92 Ursyn\u00f3w Warszawa<\/td><td class=\"column-6\">26.lis.2023<\/td><td class=\"column-7\">Pozna\u0144<\/td>\n<\/tr>\n<tr class=\"row-18\">\n\t<td class=\"column-1\">400m<br \/>\nzmienny<\/td><td class=\"column-2\">4:39.38<\/td><td class=\"column-3\">SOBEK Nikodem<\/td><td class=\"column-4\">2002<\/td><td class=\"column-5\">UKS Olimpijczyk 23 Lublin<\/td><td class=\"column-6\">16.gru.2016<\/td><td class=\"column-7\">Berlin GER<\/td>\n<\/tr>\n<tr class=\"row-19\">\n\t<td class=\"column-1\"><strong>Sztafety: KLUBOWE<\/strong><\/td><td class=\"column-2\"><\/td><td class=\"column-3\"><\/td><td class=\"column-4\"><\/td><td class=\"column-5\"><\/td><td class=\"column-6\"><\/td><td class=\"column-7\"><\/td>\n<\/tr>\n<tr class=\"row-20\">\n\t<td class=\"column-1\">4x100m<br \/>\ndowolny<\/td><td class=\"column-2\">3:44.22<\/td><td class=\"column-3\">JANUS Tymon<br \/>\nPOTRZEBOWSKI Franciszek<br \/>\nTARASIEWICZ Piotr<br \/>\nW\u0141ODARCZYK Micha\u0142<\/td><td class=\"column-4\">2009<br \/>\n2009<br \/>\n2009<br \/>\n2009<\/td><td class=\"column-5\">UKP Polonia Warszawa<\/td><td class=\"column-6\">08.lip.2023<\/td><td class=\"column-7\">Ostrowiec \u015aw.<\/td>\n<\/tr>\n<tr class=\"row-21\">\n\t<td class=\"column-1\">4x200m<br \/>\ndowolny<\/td><td class=\"column-2\">8:02.25<\/td><td class=\"column-3\">STAWICKI Mateusz<br \/>\nWIRASZKA Piotr<br \/>\nCHMURSKI Wiktor<br \/>\nBLUJ Aleksander<\/td><td class=\"column-4\">2009<br \/>\n2009<br \/>\n2009<br \/>\n2009<\/td><td class=\"column-5\">UKS GIM 92 Ursyn\u00f3w Warszawa<\/td><td class=\"column-6\">23.lis.2023<\/td><td class=\"column-7\">Pozna\u0144<\/td>\n<\/tr>\n<tr class=\"row-22\">\n\t<td class=\"column-1\">4x100m<br \/>\nzmienny<\/td><td class=\"column-2\">4:08.17<\/td><td class=\"column-3\">STAWICKI Mateusz<br \/>\nPOWIERZA Arkadiusz<br \/>\nWIRASZKA Piotr<br \/>\nPAWLIKOWSKI Przemys\u0142aw<\/td><td class=\"column-4\">2009<br \/>\n2009<br \/>\n2009<br \/>\n2009<\/td><td class=\"column-5\">UKS GIM 92 Ursyn\u00f3w Warszawa<\/td><td class=\"column-6\">09.lip.2023<\/td><td class=\"column-7\">Ostrowice \u015aw.<\/td>\n<\/tr>\n<\/tbody>\n<\/table>\n<h2 id=\"tablepress-40-name\" class=\"tablepress-table-name tablepress-table-name-id-40\">p\u0142ywalnia 50m - M\u0118\u017bCZYZN - JUNIOR 14 lat<\/h2>\n<!-- #tablepress-40 from cache -->\n","protected":false},"excerpt":{"rendered":"","protected":false},"author":1,"featured_media":0,"parent":0,"menu_order":0,"comment_status":"closed","ping_status":"closed","template":"","meta":{"footnotes":""},"class_list":["post-359","page","type-page","status-publish","hentry"],"_links":{"self":[{"href":"http:\/\/porabik.pl\/komitet\/index.php?rest_route=\/wp\/v2\/pages\/359","targetHints":{"allow":["GET"]}}],"collection":[{"href":"http:\/\/porabik.pl\/komitet\/index.php?rest_route=\/wp\/v2\/pages"}],"about":[{"href":"http:\/\/porabik.pl\/komitet\/index.php?rest_route=\/wp\/v2\/types\/page"}],"author":[{"embeddable":true,"href":"http:\/\/porabik.pl\/komitet\/index.php?rest_route=\/wp\/v2\/users\/1"}],"replies":[{"embeddable":true,"href":"http:\/\/porabik.pl\/komitet\/index.php?rest_route=%2Fwp%2Fv2%2Fcomments&post=359"}],"version-history":[{"count":1,"href":"http:\/\/porabik.pl\/komitet\/index.php?rest_route=\/wp\/v2\/pages\/359\/revisions"}],"predecessor-version":[{"id":360,"href":"http:\/\/porabik.pl\/komitet\/index.php?rest_route=\/wp\/v2\/pages\/359\/revisions\/360"}],"wp:attachment":[{"href":"http:\/\/porabik.pl\/komitet\/index.php?rest_route=%2Fwp%2Fv2%2Fmedia&parent=359"}],"curies":[{"name":"wp","href":"https:\/\/api.w.org\/{rel}","templated":true}]}}